{"id":1151,"date":"2022-10-07T11:05:26","date_gmt":"2022-10-07T09:05:26","guid":{"rendered":"https:\/\/vindhem.com\/var-meny\/"},"modified":"2022-10-31T11:22:38","modified_gmt":"2022-10-31T09:22:38","slug":"unser-menu","status":"publish","type":"page","link":"https:\/\/vindhem.com\/de\/unser-menu\/","title":{"rendered":"Unser Men\u00fc"},"content":{"rendered":"\t\t<div data-elementor-type=\"wp-page\" data-elementor-id=\"1151\" class=\"elementor elementor-1151 elementor-450\" data-elementor-post-type=\"page\">\n\t\t\t\t\t\t<section class=\"elementor-section elementor-top-section elementor-element elementor-element-14ee5b4 elementor-section-boxed elementor-section-height-default elementor-section-height-default\" data-id=\"14ee5b4\" data-element_type=\"section\" data-e-type=\"section\">\n\t\t\t\t\t\t<div class=\"elementor-container elementor-column-gap-default\">\n\t\t\t\t\t<div class=\"elementor-column elementor-col-100 elementor-top-column elementor-element elementor-element-dcce27e\" data-id=\"dcce27e\" data-element_type=\"column\" data-e-type=\"column\">\n\t\t\t<div class=\"elementor-widget-wrap elementor-element-populated\">\n\t\t\t\t\t\t<div class=\"elementor-element elementor-element-53eeef3 elementor-widget elementor-widget-heading\" data-id=\"53eeef3\" data-element_type=\"widget\" data-e-type=\"widget\" data-widget_type=\"heading.default\">\n\t\t\t\t<div class=\"elementor-widget-container\">\n\t\t\t\t\t<h1 class=\"elementor-heading-title elementor-size-default\">Unser Men\u00fc<\/h1>\t\t\t\t<\/div>\n\t\t\t\t<\/div>\n\t\t\t\t<div class=\"elementor-element elementor-element-0209f91 elementor-widget elementor-widget-image\" data-id=\"0209f91\" data-element_type=\"widget\" data-e-type=\"widget\" data-widget_type=\"image.default\">\n\t\t\t\t<div class=\"elementor-widget-container\">\n\t\t\t\t\t\t\t\t\t\t\t\t\t\t\t<img fetchpriority=\"high\" decoding=\"async\" width=\"800\" height=\"534\" src=\"https:\/\/vindhem.com\/wp-content\/uploads\/2022\/10\/IMG_4216-1024x683.jpeg\" class=\"attachment-large size-large wp-image-931\" alt=\"\" srcset=\"https:\/\/vindhem.com\/wp-content\/uploads\/2022\/10\/IMG_4216-1024x683.jpeg 1024w, https:\/\/vindhem.com\/wp-content\/uploads\/2022\/10\/IMG_4216-300x200.jpeg 300w, https:\/\/vindhem.com\/wp-content\/uploads\/2022\/10\/IMG_4216-768x512.jpeg 768w, https:\/\/vindhem.com\/wp-content\/uploads\/2022\/10\/IMG_4216-391x260.jpeg 391w, https:\/\/vindhem.com\/wp-content\/uploads\/2022\/10\/IMG_4216-1536x1024.jpeg 1536w, https:\/\/vindhem.com\/wp-content\/uploads\/2022\/10\/IMG_4216-2048x1365.jpeg 2048w\" sizes=\"(max-width: 800px) 100vw, 800px\" \/>\t\t\t\t\t\t\t\t\t\t\t\t\t\t\t<\/div>\n\t\t\t\t<\/div>\n\t\t\t\t<div class=\"elementor-element elementor-element-0edefee elementor-widget elementor-widget-text-editor\" data-id=\"0edefee\" data-element_type=\"widget\" data-e-type=\"widget\" data-widget_type=\"text-editor.default\">\n\t\t\t\t<div class=\"elementor-widget-container\">\n\t\t\t\t\t\t\t\t\t<h2>\u00c0 la carte \/ Charter-Men\u00fc<\/h2>\n<h3>Vorspeisen<\/h3>\n<p><strong>Skagen-R\u00fchrei<\/strong> Hausgemachte Skagen-R\u00fchrei aus handgesch\u00e4lten Krabben und Zwiebelrogen. Serviert auf d\u00e4nischem Roggenbrot.<\/p>\n<p><strong>Elchbraten<\/strong> Elchbraten mit eingelegten Pfifferlingen und Sahnemeerrettich auf d\u00e4nischem Roggenbrot.<\/p>\n<h3>Warme Gerichte<\/h3>\n<p><strong>Filet vom Saibling<\/strong> Gebratenes Saiblingsfilet wird mit lauwarmen Zwiebelrogenkartoffeln und Primeln der Saison serviert.<\/p>\n<p><strong>Kalbsfilet<\/strong> Vollst\u00e4ndig gebratenes Kalbsfilet mit Madeira-Sauce, Kartoffelgratin und Primeln der Saison.<\/p>\n<h3>Nachspeise<\/h3>\n<p><strong>Heidelbeerkuchen mit Vanillepudding<\/strong><\/p>\n\t\t\t\t\t\t\t\t<\/div>\n\t\t\t\t<\/div>\n\t\t\t\t<div class=\"elementor-element elementor-element-fb85655 elementor-align-center elementor-widget elementor-widget-button\" data-id=\"fb85655\" data-element_type=\"widget\" data-e-type=\"widget\" data-widget_type=\"button.default\">\n\t\t\t\t<div class=\"elementor-widget-container\">\n\t\t\t\t\t\t\t\t\t<div class=\"elementor-button-wrapper\">\n\t\t\t\t\t<a class=\"elementor-button elementor-button-link elementor-size-sm\" href=\"https:\/\/vindhem.com\/de\/reservierung\/\">\n\t\t\t\t\t\t<span class=\"elementor-button-content-wrapper\">\n\t\t\t\t\t\t\t\t\t<span class=\"elementor-button-text\">Buchen Sie einen Charter<\/span>\n\t\t\t\t\t<\/span>\n\t\t\t\t\t<\/a>\n\t\t\t\t<\/div>\n\t\t\t\t\t\t\t\t<\/div>\n\t\t\t\t<\/div>\n\t\t\t\t\t<\/div>\n\t\t<\/div>\n\t\t\t\t\t<\/div>\n\t\t<\/section>\n\t\t\t\t<\/div>\n\t\t","protected":false},"excerpt":{"rendered":"<p>Unser Men\u00fc \u00c0 la carte \/ Charter-Men\u00fc Vorspeisen Skagen-R\u00fchrei Hausgemachte Skagen-R\u00fchrei aus handgesch\u00e4lten Krabben und Zwiebelrogen. Serviert auf d\u00e4nischem Roggenbrot. Elchbraten Elchbraten mit eingelegten Pfifferlingen und Sahnemeerrettich auf d\u00e4nischem Roggenbrot. Warme Gerichte Filet vom Saibling Gebratenes Saiblingsfilet wird mit lauwarmen Zwiebelrogenkartoffeln und Primeln der Saison serviert. Kalbsfilet Vollst\u00e4ndig gebratenes Kalbsfilet mit Madeira-Sauce, Kartoffelgratin und Primeln [&hellip;]<\/p>\n","protected":false},"author":1,"featured_media":0,"parent":0,"menu_order":0,"comment_status":"closed","ping_status":"closed","template":"","meta":{"_acf_changed":false,"footnotes":""},"class_list":["post-1151","page","type-page","status-publish","hentry"],"acf":[],"_links":{"self":[{"href":"https:\/\/vindhem.com\/de\/wp-json\/wp\/v2\/pages\/1151","targetHints":{"allow":["GET"]}}],"collection":[{"href":"https:\/\/vindhem.com\/de\/wp-json\/wp\/v2\/pages"}],"about":[{"href":"https:\/\/vindhem.com\/de\/wp-json\/wp\/v2\/types\/page"}],"author":[{"embeddable":true,"href":"https:\/\/vindhem.com\/de\/wp-json\/wp\/v2\/users\/1"}],"replies":[{"embeddable":true,"href":"https:\/\/vindhem.com\/de\/wp-json\/wp\/v2\/comments?post=1151"}],"version-history":[{"count":0,"href":"https:\/\/vindhem.com\/de\/wp-json\/wp\/v2\/pages\/1151\/revisions"}],"wp:attachment":[{"href":"https:\/\/vindhem.com\/de\/wp-json\/wp\/v2\/media?parent=1151"}],"curies":[{"name":"wp","href":"https:\/\/api.w.org\/{rel}","templated":true}]}}