{"id":1161,"date":"2022-09-28T12:13:49","date_gmt":"2022-09-28T10:13:49","guid":{"rendered":"https:\/\/vindhem.com\/kontakt\/"},"modified":"2023-11-07T12:48:48","modified_gmt":"2023-11-07T11:48:48","slug":"kontakt","status":"publish","type":"page","link":"https:\/\/vindhem.com\/de\/kontakt\/","title":{"rendered":"Kontakt"},"content":{"rendered":"\t\t<div data-elementor-type=\"wp-page\" data-elementor-id=\"1161\" class=\"elementor elementor-1161 elementor-13\" data-elementor-post-type=\"page\">\n\t\t\t\t\t\t<section class=\"elementor-section elementor-top-section elementor-element elementor-element-eeb9653 elementor-section-boxed elementor-section-height-default elementor-section-height-default\" data-id=\"eeb9653\" data-element_type=\"section\" data-e-type=\"section\">\n\t\t\t\t\t\t<div class=\"elementor-container elementor-column-gap-default\">\n\t\t\t\t\t<div class=\"elementor-column elementor-col-100 elementor-top-column elementor-element elementor-element-17d5aa0\" data-id=\"17d5aa0\" data-element_type=\"column\" data-e-type=\"column\">\n\t\t\t<div class=\"elementor-widget-wrap elementor-element-populated\">\n\t\t\t\t\t\t<div class=\"elementor-element elementor-element-e8a4e42 elementor-widget elementor-widget-heading\" data-id=\"e8a4e42\" data-element_type=\"widget\" data-e-type=\"widget\" data-widget_type=\"heading.default\">\n\t\t\t\t<div class=\"elementor-widget-container\">\n\t\t\t\t\t<h1 class=\"elementor-heading-title elementor-size-default\">Kontakt &amp; Jobs<\/h1>\t\t\t\t<\/div>\n\t\t\t\t<\/div>\n\t\t\t\t<div class=\"elementor-element elementor-element-4e9920a elementor-widget__width-initial elementor-widget elementor-widget-text-editor\" data-id=\"4e9920a\" data-element_type=\"widget\" data-e-type=\"widget\" data-widget_type=\"text-editor.default\">\n\t\t\t\t<div class=\"elementor-widget-container\">\n\t\t\t\t\t\t\t\t\t<p>F\u00fcr Bestellungen und Buchungen rufen Sie am besten unser B\u00fcro an. Sie k\u00f6nnen auch direkt auf der Website eine <a href=\"https:\/\/vindhem.com\/de\/reservierung\/\">Buchungsanfrage<\/a> stellen.<\/p>\n\t\t\t\t\t\t\t\t<\/div>\n\t\t\t\t<\/div>\n\t\t\t\t<section class=\"elementor-section elementor-inner-section elementor-element elementor-element-4b27d6a elementor-section-boxed elementor-section-height-default elementor-section-height-default\" data-id=\"4b27d6a\" data-element_type=\"section\" data-e-type=\"section\">\n\t\t\t\t\t\t<div class=\"elementor-container elementor-column-gap-wide\">\n\t\t\t\t\t<div class=\"elementor-column elementor-col-33 elementor-inner-column elementor-element elementor-element-3948720\" data-id=\"3948720\" data-element_type=\"column\" data-e-type=\"column\" data-settings=\"{&quot;background_background&quot;:&quot;classic&quot;}\">\n\t\t\t<div class=\"elementor-widget-wrap elementor-element-populated\">\n\t\t\t\t\t\t<div class=\"elementor-element elementor-element-e3f03e4 elementor-widget elementor-widget-text-editor\" data-id=\"e3f03e4\" data-element_type=\"widget\" data-e-type=\"widget\" data-widget_type=\"text-editor.default\">\n\t\t\t\t<div class=\"elementor-widget-container\">\n\t\t\t\t\t\t\t\t\t<h2>B\u00fcro<\/h2>\n<p>Polena Rederi AB<br \/>Pepparv\u00e4gen 34<br \/>123 56 Farsta <a href=\"https:\/\/maps.google.se\/maps?f=q&amp;source=s_q&amp;hl=sv&amp;geocode=+&amp;q=Polena+Rederi+AB+Kristinehamnsgatan+62+123+44+Farsta&amp;ie=UTF8&amp;hq=Polena+Rederi+AB&amp;hnear=Kristinehamnsgatan+62,+123+44+Farsta&amp;t=m&amp;vpsrc=0&amp;cid=6615724013589474821&amp;z=15&amp;iwloc=A\" target=\"_blank\" rel=\"noopener\">Auf der Karte anzeigen<\/a><\/p>\n<p>Telefon: +46 86 04 04 20<\/p>\n<p>E-Mail: <a href=\"mailto:info@vindhem.com\">info@vindhem.com<\/a><\/p>\n\t\t\t\t\t\t\t\t<\/div>\n\t\t\t\t<\/div>\n\t\t\t\t\t<\/div>\n\t\t<\/div>\n\t\t\t\t<div class=\"elementor-column elementor-col-33 elementor-inner-column elementor-element elementor-element-8846ba5\" data-id=\"8846ba5\" data-element_type=\"column\" data-e-type=\"column\" data-settings=\"{&quot;background_background&quot;:&quot;classic&quot;}\">\n\t\t\t<div class=\"elementor-widget-wrap elementor-element-populated\">\n\t\t\t\t\t\t<div class=\"elementor-element elementor-element-3526695 elementor-widget elementor-widget-text-editor\" data-id=\"3526695\" data-element_type=\"widget\" data-e-type=\"widget\" data-widget_type=\"text-editor.default\">\n\t\t\t\t<div class=\"elementor-widget-container\">\n\t\t\t\t\t\t\t\t\t<h2>Das Schiff<\/h2>\n<p class=\"center\">M\/S Vindhem<br \/>Skeppsbron Kajplats 101<br \/><em>(Direkt vor dem K\u00f6niglichen Palast)<\/em><\/p>\n<p class=\"center\"><span class=\"white\"><strong>Der leitende Beamte an Bord ist zu erreichen unter<\/strong><br \/>Telefon +46 8 642 31 03<br \/>Di &#8211; Sa 15.00 &#8211; 20.00<\/span><\/p>\n\t\t\t\t\t\t\t\t<\/div>\n\t\t\t\t<\/div>\n\t\t\t\t\t<\/div>\n\t\t<\/div>\n\t\t\t\t<div class=\"elementor-column elementor-col-33 elementor-inner-column elementor-element elementor-element-99abb61\" data-id=\"99abb61\" data-element_type=\"column\" data-e-type=\"column\" data-settings=\"{&quot;background_background&quot;:&quot;classic&quot;}\">\n\t\t\t<div class=\"elementor-widget-wrap elementor-element-populated\">\n\t\t\t\t\t\t<div class=\"elementor-element elementor-element-6cd3308 elementor-widget elementor-widget-text-editor\" data-id=\"6cd3308\" data-element_type=\"widget\" data-e-type=\"widget\" data-widget_type=\"text-editor.default\">\n\t\t\t\t<div class=\"elementor-widget-container\">\n\t\t\t\t\t\t\t\t\t<h2>Arbeiten Sie mit uns<\/h2>\n<p>Sind Sie interessiert? Senden Sie eine Bewerbung an <a href=\"mailto:bokningen@vindhem.com\">bokningen@vindhem.com.<\/a><\/p>\n<p>Herzlich willkommen.<\/p>\n\t\t\t\t\t\t\t\t<\/div>\n\t\t\t\t<\/div>\n\t\t\t\t\t<\/div>\n\t\t<\/div>\n\t\t\t\t\t<\/div>\n\t\t<\/section>\n\t\t\t\t<div class=\"elementor-element elementor-element-53e0b07 elementor-widget elementor-widget-heading\" data-id=\"53e0b07\" data-element_type=\"widget\" data-e-type=\"widget\" data-widget_type=\"heading.default\">\n\t\t\t\t<div class=\"elementor-widget-container\">\n\t\t\t\t\t<h2 class=\"elementor-heading-title elementor-size-default\">Von hier aus f\u00e4hrt das Boot<\/h2>\t\t\t\t<\/div>\n\t\t\t\t<\/div>\n\t\t\t\t<div class=\"elementor-element elementor-element-a9e78e7 elementor-widget elementor-widget-google_maps\" data-id=\"a9e78e7\" data-element_type=\"widget\" data-e-type=\"widget\" data-widget_type=\"google_maps.default\">\n\t\t\t\t<div class=\"elementor-widget-container\">\n\t\t\t\t\t\t\t<div class=\"elementor-custom-embed\">\n\t\t\t<iframe loading=\"lazy\"\n\t\t\t\t\tsrc=\"https:\/\/www.google.com\/maps\/embed\/v1\/place?key=AIzaSyDpo1gL1O9MVkdljg7cH1TQSVxOZeExoSA&#038;q=M%2FS%20Vindhem%2C%20Skeppsbron%20101%2C%20111%2030%20Stockholm&#038;zoom=13\"\n\t\t\t\t\ttitle=\"M\/S Vindhem, Skeppsbron 101, 111 30 Stockholm\"\n\t\t\t\t\taria-label=\"M\/S Vindhem, Skeppsbron 101, 111 30 Stockholm\"\n\t\t\t><\/iframe>\n\t\t<\/div>\n\t\t\t\t\t\t<\/div>\n\t\t\t\t<\/div>\n\t\t\t\t\t<\/div>\n\t\t<\/div>\n\t\t\t\t\t<\/div>\n\t\t<\/section>\n\t\t\t\t<\/div>\n\t\t","protected":false},"excerpt":{"rendered":"<p>Kontakt &amp; Jobs F\u00fcr Bestellungen und Buchungen rufen Sie am besten unser B\u00fcro an. Sie k\u00f6nnen auch direkt auf der Website eine Buchungsanfrage stellen. B\u00fcro Polena Rederi ABPepparv\u00e4gen 34123 56 Farsta Auf der Karte anzeigen Telefon: +46 86 04 04 20 E-Mail: info@vindhem.com Das Schiff M\/S VindhemSkeppsbron Kajplats 101(Direkt vor dem K\u00f6niglichen Palast) Der leitende [&hellip;]<\/p>\n","protected":false},"author":1,"featured_media":0,"parent":0,"menu_order":0,"comment_status":"closed","ping_status":"closed","template":"","meta":{"_acf_changed":false,"footnotes":""},"class_list":["post-1161","page","type-page","status-publish","hentry"],"acf":[],"_links":{"self":[{"href":"https:\/\/vindhem.com\/de\/wp-json\/wp\/v2\/pages\/1161","targetHints":{"allow":["GET"]}}],"collection":[{"href":"https:\/\/vindhem.com\/de\/wp-json\/wp\/v2\/pages"}],"about":[{"href":"https:\/\/vindhem.com\/de\/wp-json\/wp\/v2\/types\/page"}],"author":[{"embeddable":true,"href":"https:\/\/vindhem.com\/de\/wp-json\/wp\/v2\/users\/1"}],"replies":[{"embeddable":true,"href":"https:\/\/vindhem.com\/de\/wp-json\/wp\/v2\/comments?post=1161"}],"version-history":[{"count":0,"href":"https:\/\/vindhem.com\/de\/wp-json\/wp\/v2\/pages\/1161\/revisions"}],"wp:attachment":[{"href":"https:\/\/vindhem.com\/de\/wp-json\/wp\/v2\/media?parent=1161"}],"curies":[{"name":"wp","href":"https:\/\/api.w.org\/{rel}","templated":true}]}}