{"id":1163,"date":"2022-09-28T12:18:54","date_gmt":"2022-09-28T10:18:54","guid":{"rendered":"https:\/\/vindhem.com\/julbord\/"},"modified":"2025-09-10T14:05:52","modified_gmt":"2025-09-10T12:05:52","slug":"julbord","status":"publish","type":"page","link":"https:\/\/vindhem.com\/de\/julbord\/","title":{"rendered":"Weihnachtsessen"},"content":{"rendered":"\t\t<div data-elementor-type=\"wp-page\" data-elementor-id=\"1163\" class=\"elementor elementor-1163 elementor-20\" data-elementor-post-type=\"page\">\n\t\t\t\t\t\t<section class=\"elementor-section elementor-top-section elementor-element elementor-element-a70b684 elementor-section-boxed elementor-section-height-default elementor-section-height-default\" data-id=\"a70b684\" data-element_type=\"section\" data-e-type=\"section\">\n\t\t\t\t\t\t<div class=\"elementor-container elementor-column-gap-default\">\n\t\t\t\t\t<div class=\"elementor-column elementor-col-100 elementor-top-column elementor-element elementor-element-5733906\" data-id=\"5733906\" data-element_type=\"column\" data-e-type=\"column\">\n\t\t\t<div class=\"elementor-widget-wrap elementor-element-populated\">\n\t\t\t\t\t\t<div class=\"elementor-element elementor-element-44b38a6 elementor-widget elementor-widget-heading\" data-id=\"44b38a6\" data-element_type=\"widget\" data-e-type=\"widget\" data-widget_type=\"heading.default\">\n\t\t\t\t<div class=\"elementor-widget-container\">\n\t\t\t\t\t<h1 class=\"elementor-heading-title elementor-size-default\">Traditionelles schwedisches Weihnachtsessen<\/h1>\t\t\t\t<\/div>\n\t\t\t\t<\/div>\n\t\t\t\t<div class=\"elementor-element elementor-element-de6a8cd elementor-widget elementor-widget-image\" data-id=\"de6a8cd\" data-element_type=\"widget\" data-e-type=\"widget\" data-widget_type=\"image.default\">\n\t\t\t\t<div class=\"elementor-widget-container\">\n\t\t\t\t\t\t\t\t\t\t\t\t\t\t\t<img fetchpriority=\"high\" decoding=\"async\" width=\"1230\" height=\"615\" src=\"https:\/\/vindhem.com\/wp-content\/uploads\/2022\/10\/DSC3380_Vindhem_Jullunch_AndersES.jpg\" class=\"attachment-full size-full wp-image-946\" alt=\"\" srcset=\"https:\/\/vindhem.com\/wp-content\/uploads\/2022\/10\/DSC3380_Vindhem_Jullunch_AndersES.jpg 1230w, https:\/\/vindhem.com\/wp-content\/uploads\/2022\/10\/DSC3380_Vindhem_Jullunch_AndersES-300x150.jpg 300w, https:\/\/vindhem.com\/wp-content\/uploads\/2022\/10\/DSC3380_Vindhem_Jullunch_AndersES-1024x512.jpg 1024w, https:\/\/vindhem.com\/wp-content\/uploads\/2022\/10\/DSC3380_Vindhem_Jullunch_AndersES-768x384.jpg 768w\" sizes=\"(max-width: 1230px) 100vw, 1230px\" \/>\t\t\t\t\t\t\t\t\t\t\t\t\t\t\t<\/div>\n\t\t\t\t<\/div>\n\t\t\t\t\t<\/div>\n\t\t<\/div>\n\t\t\t\t\t<\/div>\n\t\t<\/section>\n\t\t\t\t<section class=\"elementor-section elementor-top-section elementor-element elementor-element-3e745d9 elementor-section-boxed elementor-section-height-default elementor-section-height-default\" data-id=\"3e745d9\" data-element_type=\"section\" data-e-type=\"section\">\n\t\t\t\t\t\t<div class=\"elementor-container elementor-column-gap-default\">\n\t\t\t\t\t<div class=\"elementor-column elementor-col-66 elementor-top-column elementor-element elementor-element-4cb7fd5\" data-id=\"4cb7fd5\" data-element_type=\"column\" data-e-type=\"column\">\n\t\t\t<div class=\"elementor-widget-wrap elementor-element-populated\">\n\t\t\t\t\t\t<div class=\"elementor-element elementor-element-33424ea elementor-widget elementor-widget-heading\" data-id=\"33424ea\" data-element_type=\"widget\" data-e-type=\"widget\" data-widget_type=\"heading.default\">\n\t\t\t\t<div class=\"elementor-widget-container\">\n\t\t\t\t\t<h2 class=\"elementor-heading-title elementor-size-default\">Wir decken gerade unseren gro\u00dfen Weihnachtstisch!<\/h2>\t\t\t\t<\/div>\n\t\t\t\t<\/div>\n\t\t\t\t<div class=\"elementor-element elementor-element-5416e2e elementor-widget elementor-widget-text-editor\" data-id=\"5416e2e\" data-element_type=\"widget\" data-e-type=\"widget\" data-widget_type=\"text-editor.default\">\n\t\t\t\t<div class=\"elementor-widget-container\">\n\t\t\t\t\t\t\t\t\t<p>Weihnachtliche Tischfahrt zwischen Inseln, Inselchen und Inselchen&#8230;<\/p><p>27\/11 &#8211; 20\/12<\/p><p>Alle alten Klassiker sind nat\u00fcrlich noch da. Weihnachtsschinken, Schweinef\u00fc\u00dfe, unsere hausgemachten eingelegten Heringe, hausgerollte Frikadellen, Prinzenw\u00fcrstchen, Weihnachtsw\u00fcrstchen, hausgemachte Janssons Versuchung, Lutefisk mit wei\u00dfer So\u00dfe und Erbsen, mit Honig glasierte Rippchen, Rotkohl, Gravierter Lachs, Kaltger\u00e4ucherter Lachs &amp; Hei\u00dfger\u00e4ucherter Lachs.<\/p><p>Hinzu kommen verschiedene Meeresgerichte wie Garnelen, ger\u00e4ucherte Garnelen, Caesar-Salat mit hei\u00dfem R\u00e4ucherlachs, ger\u00e4ucherte Lachsflossen, Bok Choy, Meeresfr\u00fcchtepastete, hausgemachtes Skagen-R\u00fchrei und Lachs-R\u00fchrei.<\/p><p>F\u00fcr den unwahrscheinlichen Fall, dass Sie in Ihrem Magen noch Platz f\u00fcr ein Dessert haben, servieren wir hausgemachten Apfelkuchen mit Vanillepudding, Tiramisu, hausgemachte Kekse, Strudel mit Marmelade und Sahne, eine fantastische K\u00e4seplatte und vieles, vieles mehr&#8230;<\/p><p>An Bord unterh\u00e4lt Sie unser Troubadour mit gemischter Musik &#8211; ma\u00dfgeschneidert f\u00fcr Sie.<\/p><p><b>Vegetarisch\/Vegan<\/b><strong>. <\/strong>Wenn Sie Vegetarier oder Veganer sind und daher kein Fleisch, Fisch oder Gefl\u00fcgel essen, k\u00f6nnen wir nat\u00fcrlich auch f\u00fcr Sie Essen organisieren. Unsere K\u00f6che haben sich daf\u00fcr entschieden, die schmackhafteste und abwechslungsreichste Option zu servieren &#8211; Meze &#8211; anstatt halbgare Kompromisse beim schwedischen Weihnachtsessen zu machen.  <br>Allerdings m\u00fcssen wir drei Tage im Voraus wissen, ob jemand Vegetarier oder Veganer ist.<\/p>\t\t\t\t\t\t\t\t<\/div>\n\t\t\t\t<\/div>\n\t\t\t\t\t<\/div>\n\t\t<\/div>\n\t\t\t\t<div class=\"elementor-column elementor-col-33 elementor-top-column elementor-element elementor-element-9d41819\" data-id=\"9d41819\" data-element_type=\"column\" data-e-type=\"column\" data-settings=\"{&quot;background_background&quot;:&quot;classic&quot;}\">\n\t\t\t<div class=\"elementor-widget-wrap elementor-element-populated\">\n\t\t\t\t\t\t<div class=\"elementor-element elementor-element-a88991d elementor-widget elementor-widget-heading\" data-id=\"a88991d\" data-element_type=\"widget\" data-e-type=\"widget\" data-widget_type=\"heading.default\">\n\t\t\t\t<div class=\"elementor-widget-container\">\n\t\t\t\t\t<h3 class=\"elementor-heading-title elementor-size-default\">Preis<\/h3>\t\t\t\t<\/div>\n\t\t\t\t<\/div>\n\t\t\t\t<div class=\"elementor-element elementor-element-9e32236 elementor-widget elementor-widget-text-editor\" data-id=\"9e32236\" data-element_type=\"widget\" data-e-type=\"widget\" data-widget_type=\"text-editor.default\">\n\t\t\t\t<div class=\"elementor-widget-container\">\n\t\t\t\t\t\t\t\t\t<p><strong>Mittagessen<\/strong><br>Samstag 775:-<\/p><p><strong>Abendessen<\/strong><br>Dienstag-Donnerstag 865:-<br>Freitag-Samstag 945:-<\/p><p><em>Im Preis enthalten sind ein Begr\u00fc\u00dfungsgetr\u00e4nk, Kaffee, Garderobe und Mehrwertsteuer.<\/em><\/p>\t\t\t\t\t\t\t\t<\/div>\n\t\t\t\t<\/div>\n\t\t\t\t<div class=\"elementor-element elementor-element-60105e8 elementor-widget elementor-widget-button\" data-id=\"60105e8\" data-element_type=\"widget\" data-e-type=\"widget\" data-widget_type=\"button.default\">\n\t\t\t\t<div class=\"elementor-widget-container\">\n\t\t\t\t\t\t\t\t\t<div class=\"elementor-button-wrapper\">\n\t\t\t\t\t<a class=\"elementor-button elementor-button-link elementor-size-sm\" href=\"https:\/\/app.bookspot.io\/widget\/v2\/dialog\/new-order?key=8ecf9842551986bea7cc72001c86b5d535b752578854b1aacee7272d488d52fb&#038;productTypes=products,vouchers&#038;listView=products&#038;products=15974&#038;products=15729\">\n\t\t\t\t\t\t<span class=\"elementor-button-content-wrapper\">\n\t\t\t\t\t\t\t\t\t<span class=\"elementor-button-text\">Weihnachtsessen buchen<\/span>\n\t\t\t\t\t<\/span>\n\t\t\t\t\t<\/a>\n\t\t\t\t<\/div>\n\t\t\t\t\t\t\t\t<\/div>\n\t\t\t\t<\/div>\n\t\t\t\t\t<\/div>\n\t\t<\/div>\n\t\t\t\t\t<\/div>\n\t\t<\/section>\n\t\t\t\t<section class=\"elementor-section elementor-top-section elementor-element elementor-element-c255fd5 elementor-section-boxed elementor-section-height-default elementor-section-height-default\" data-id=\"c255fd5\" data-element_type=\"section\" data-e-type=\"section\">\n\t\t\t\t\t\t<div class=\"elementor-container elementor-column-gap-default\">\n\t\t\t\t\t<div class=\"elementor-column elementor-col-100 elementor-top-column elementor-element elementor-element-f915e32\" data-id=\"f915e32\" data-element_type=\"column\" data-e-type=\"column\" data-settings=\"{&quot;background_background&quot;:&quot;gradient&quot;}\">\n\t\t\t<div class=\"elementor-widget-wrap elementor-element-populated\">\n\t\t\t\t\t\t<div class=\"elementor-element elementor-element-e6d0177 elementor-widget elementor-widget-heading\" data-id=\"e6d0177\" data-element_type=\"widget\" data-e-type=\"widget\" data-widget_type=\"heading.default\">\n\t\t\t\t<div class=\"elementor-widget-container\">\n\t\t\t\t\t<h2 class=\"elementor-heading-title elementor-size-default\">Favorit in der Wiederholung!<\/h2>\t\t\t\t<\/div>\n\t\t\t\t<\/div>\n\t\t\t\t<div class=\"elementor-element elementor-element-a439b7e elementor-widget__width-initial elementor-widget-mobile__width-inherit elementor-widget elementor-widget-text-editor\" data-id=\"a439b7e\" data-element_type=\"widget\" data-e-type=\"widget\" data-widget_type=\"text-editor.default\">\n\t\t\t\t<div class=\"elementor-widget-container\">\n\t\t\t\t\t\t\t\t\t<p>Da Weihnachten ein Fest f\u00fcr Kinder ist, wollen wir allen Erwachsenen die M\u00f6glichkeit geben, ihre Kinder zum Weihnachtsessen einzuladen, ohne dass sie pleite gehen.<\/p><p>In diesem Jahr kann also jeder voll zahlende Erwachsene ein Kind (unter 13 Jahren) kostenlos auf eine Kreuzfahrt mitnehmen.<\/p><p>F\u00fcr uns macht es keinen Unterschied, ob es sich um unsere eigenen Kinder, Enkel, Nichten oder Neffen oder um die Kinder des Nachbarn handelt&#8230;<\/p><p>1 Erwachsener = 1 Kind gratis, 2 Erwachsene = 2 Kinder gratis, usw.  <\/p>\t\t\t\t\t\t\t\t<\/div>\n\t\t\t\t<\/div>\n\t\t\t\t<div class=\"elementor-element elementor-element-089827f elementor-widget__width-initial elementor-widget-mobile__width-inherit elementor-widget elementor-widget-text-editor\" data-id=\"089827f\" data-element_type=\"widget\" data-e-type=\"widget\" data-widget_type=\"text-editor.default\">\n\t\t\t\t<div class=\"elementor-widget-container\">\n\t\t\t\t\t\t\t\t\t<p><strong>Mittagessen<\/strong><br>Samstag 12.30-15.30<\/p>\n<p><strong>Abendessen<\/strong><br>Jeden Tag 18.30-22.00&nbsp;<\/p>\n<p>Einsteigen 45 Minuten vor Abfahrt.<\/p>\t\t\t\t\t\t\t\t<\/div>\n\t\t\t\t<\/div>\n\t\t\t\t\t<\/div>\n\t\t<\/div>\n\t\t\t\t\t<\/div>\n\t\t<\/section>\n\t\t\t\t<\/div>\n\t\t","protected":false},"excerpt":{"rendered":"<p>Traditionelles schwedisches Weihnachtsessen Wir decken gerade unseren gro\u00dfen Weihnachtstisch! Weihnachtliche Tischfahrt zwischen Inseln, Inselchen und Inselchen&#8230; 27\/11 &#8211; 20\/12 Alle alten Klassiker sind nat\u00fcrlich noch da. Weihnachtsschinken, Schweinef\u00fc\u00dfe, unsere hausgemachten eingelegten Heringe, hausgerollte Frikadellen, Prinzenw\u00fcrstchen, Weihnachtsw\u00fcrstchen, hausgemachte Janssons Versuchung, Lutefisk mit wei\u00dfer So\u00dfe und Erbsen, mit Honig glasierte Rippchen, Rotkohl, Gravierter Lachs, Kaltger\u00e4ucherter Lachs &amp; [&hellip;]<\/p>\n","protected":false},"author":1,"featured_media":0,"parent":0,"menu_order":0,"comment_status":"closed","ping_status":"closed","template":"","meta":{"_acf_changed":false,"footnotes":""},"class_list":["post-1163","page","type-page","status-publish","hentry"],"acf":[],"_links":{"self":[{"href":"https:\/\/vindhem.com\/de\/wp-json\/wp\/v2\/pages\/1163","targetHints":{"allow":["GET"]}}],"collection":[{"href":"https:\/\/vindhem.com\/de\/wp-json\/wp\/v2\/pages"}],"about":[{"href":"https:\/\/vindhem.com\/de\/wp-json\/wp\/v2\/types\/page"}],"author":[{"embeddable":true,"href":"https:\/\/vindhem.com\/de\/wp-json\/wp\/v2\/users\/1"}],"replies":[{"embeddable":true,"href":"https:\/\/vindhem.com\/de\/wp-json\/wp\/v2\/comments?post=1163"}],"version-history":[{"count":0,"href":"https:\/\/vindhem.com\/de\/wp-json\/wp\/v2\/pages\/1163\/revisions"}],"wp:attachment":[{"href":"https:\/\/vindhem.com\/de\/wp-json\/wp\/v2\/media?parent=1163"}],"curies":[{"name":"wp","href":"https:\/\/api.w.org\/{rel}","templated":true}]}}