{"id":1165,"date":"2022-10-07T11:48:32","date_gmt":"2022-10-07T09:48:32","guid":{"rendered":"https:\/\/vindhem.com\/integritetspolicy\/"},"modified":"2022-11-01T07:17:18","modified_gmt":"2022-11-01T05:17:18","slug":"integritetspolicy","status":"publish","type":"page","link":"https:\/\/vindhem.com\/de\/integritetspolicy\/","title":{"rendered":"Datenschutzbestimmungen"},"content":{"rendered":"\t\t<div data-elementor-type=\"wp-page\" data-elementor-id=\"1165\" class=\"elementor elementor-1165 elementor-516\" data-elementor-post-type=\"page\">\n\t\t\t\t\t\t<section class=\"elementor-section elementor-top-section elementor-element elementor-element-c9243c2 elementor-section-boxed elementor-section-height-default elementor-section-height-default\" data-id=\"c9243c2\" data-element_type=\"section\" data-e-type=\"section\">\n\t\t\t\t\t\t<div class=\"elementor-container elementor-column-gap-default\">\n\t\t\t\t\t<div class=\"elementor-column elementor-col-100 elementor-top-column elementor-element elementor-element-8f8d51c\" data-id=\"8f8d51c\" data-element_type=\"column\" data-e-type=\"column\">\n\t\t\t<div class=\"elementor-widget-wrap elementor-element-populated\">\n\t\t\t\t\t\t<div class=\"elementor-element elementor-element-7ef00a7 elementor-widget__width-initial elementor-widget elementor-widget-text-editor\" data-id=\"7ef00a7\" data-element_type=\"widget\" data-e-type=\"widget\" data-widget_type=\"text-editor.default\">\n\t\t\t\t<div class=\"elementor-widget-container\">\n\t\t\t\t\t\t\t\t\t<h1>Datenschutzbestimmungen<\/h1>\n<h2>Polena Rederi AB<\/h2>\n<p>Wir verpflichten uns, Ihre Privatsph\u00e4re in \u00dcbereinstimmung mit der neuen Allgemeinen Datenschutzverordnung zu sch\u00fctzen. Aus diesem Grund haben wir eine neue Richtlinie entwickelt, die uns bei unserer t\u00e4glichen Arbeit helfen und unseren Kunden und Lieferanten verdeutlichen soll, wie wir Ihre pers\u00f6nlichen Daten sch\u00fctzen und speichern. Eine aktualisierte Fassung dieser Politik wird stets auf unserer Website verf\u00fcgbar sein.<\/p>\n<p>Wenn Sie Fragen haben, k\u00f6nnen Sie uns jederzeit anrufen oder eine E-Mail schicken.<\/p>\n<p><strong>Wer ist f\u00fcr Ihre personenbezogenen Daten verantwortlich?<\/strong><br \/>Polena Rederi AB (556372-5943), Pepparv\u00e4gen 34, 123 56 Farsta ist der f\u00fcr die Verarbeitung der personenbezogenen Daten Verantwortliche.<\/p>\n<p><strong>Was sammeln wir?<\/strong><br \/>Wenn Sie \u00fcber unsere Website oder per Telefon eine Buchung bei uns vornehmen, registrieren wir Sie als Kunden. Wenn Sie sich f\u00fcr unseren Newsletter anmelden, werden Sie ebenfalls registriert. Wie viel wir erfassen, h\u00e4ngt davon ab, welche Art von Kunde Sie sind. Was wir \u00fcber eine Privatperson speichern, ist in der Regel weniger als das, was wir \u00fcber einen Gesch\u00e4ftskunden speichern. Dies liegt daran, dass eine Gesch\u00e4ftsbuchung in der Regel per Rechnung bezahlt wird und mehr Informationen erfordert als eine Barzahlung an Bord.<\/p>\n<p>F\u00fcr eine Privatperson registrieren wir h\u00f6chstens Name, Adresse, Telefonnummer, E-Mail-Adresse, den vorl\u00e4ufigen Bestellwert, die Anzahl der G\u00e4ste, eventuell zuzubereitende Getr\u00e4nke, Essensw\u00fcnsche (nicht an eine bestimmte Person gebunden), eventuelle Lebensmittelallergien (nicht an eine bestimmte Person gebunden), Pr\u00e4ferenzen f\u00fcr die Tischplatzierung und ob die reservierende Person m\u00f6chte, dass ein Geburtstag, ein Hochzeitstag oder \u00e4hnliches in die Reservierung aufgenommen wird.<\/p>\n<p>F\u00fcr einen Firmenkunden erfassen wir h\u00f6chstens den Namen der Kontaktperson, den Namen des Unternehmens, die Organisationsnummer, die Adresse, die Rechnungsadresse, die Kostenstelle, die Bezugsperson, die Telefonnummer der Kontaktperson, die Telefonnummer des Unternehmens, die Anzahl der G\u00e4ste, die zuzubereitenden Getr\u00e4nke, die Essensw\u00fcnsche (nicht an eine bestimmte Person gebunden), die Essensallergien (nicht an eine bestimmte Person gebunden), die bevorzugte Tischbestuhlung und die Angabe, ob die buchende Person einen Geburtstag, einen Hochzeitstag oder eine \u00e4hnliche Feier w\u00fcnscht.<\/p>\n<p><strong>Wo werden Ihre pers\u00f6nlichen Daten gespeichert?<\/strong><br \/>Die von uns gesammelten Informationen (siehe oben) werden nur in Schweden gespeichert. Derzeit sind alle diese Informationen nur lokal auf den Servern des Unternehmens gespeichert und es gibt keine M\u00f6glichkeit, von au\u00dfen auf diese Daten zuzugreifen.<\/p>\n<p>Warum also speichern wir diese Daten?<\/p>\n<ul>\n<li>So registrieren Sie Ihre Buchung(en)<\/li>\n<li>Um Ihre Buchung zu verwalten. Essen bestellen. Personalplanung. Planung unserer Aktivit\u00e4ten im Allgemeinen.<\/li>\n<li>Um Sie bez\u00fcglich Ihrer Buchung kontaktieren zu k\u00f6nnen.<\/li>\n<li>Zur Erf\u00fcllung unserer Verpflichtungen gegen\u00fcber der schwedischen Verkehrsbeh\u00f6rde. Passagierliste mit den Kontaktdaten der Person, die die Buchung vorgenommen hat, und der Anzahl der Passagiere an Bord des Schiffes.<\/li>\n<li>Um die Bearbeitung Ihrer n\u00e4chsten Buchung zu erleichtern, speichern wir Ihre Adresse, E-Mail-Adresse, Ihren Namen und Ihre Telefonnummer.<\/li>\n<li>Wir versenden Informationen \u00fcber bevorstehende Veranstaltungen an Bord der Schiffe des Unternehmens sowie \u00fcber Werbeaktionen und Rabatte. Wir geben niemals E-Mail-Adressen an Dritte weiter.<\/li>\n<\/ul>\n<p><strong>Wie lange bewahren wir diese Daten auf?<\/strong><br \/>Wir werden Ihre Daten so lange aufbewahren, wie es zur Erf\u00fcllung der oben genannten Zwecke erforderlich ist.<br \/>In F\u00e4llen, in denen wir gesetzlich verpflichtet sind, diese Daten l\u00e4nger zu speichern, als es f\u00fcr unsere T\u00e4tigkeit erforderlich ist, wird Polena Rederi AB selbstverst\u00e4ndlich die geltenden Gesetze einhalten.<\/p>\n<p><strong>Welche Rechte habe ich?<\/strong><br \/>Sie haben das Recht, jederzeit schriftlich Auskunft \u00fcber die von uns \u00fcber Sie gespeicherten personenbezogenen Daten zu verlangen. Wenn diese Informationen ungenau sind, k\u00f6nnen Sie ihre Berichtigung beantragen. Sie k\u00f6nnen jederzeit die L\u00f6schung Ihrer personenbezogenen Daten beantragen. Die personenbezogenen Daten, zu deren Aufbewahrung wir gesetzlich verpflichtet sind, k\u00f6nnen nicht gel\u00f6scht werden. Wenn Sie einen Auszug aus den \u00fcber Sie gespeicherten Daten w\u00fcnschen, wenden Sie sich bitte per Brief oder E-Mail an uns.<\/p>\n<p>Alle bei uns registrierten Personen haben das Recht auf:<\/p>\n<ul>\n<li>Informieren Sie sich \u00fcber die Verarbeitung personenbezogener Daten im Rahmen der Datenerhebung.<\/li>\n<li>Auf Anfrage kostenlos (einmal pro Jahr) Zugang zu den bei uns registrierten pers\u00f6nlichen Daten zu erhalten.<\/li>\n<li>unrichtige personenbezogene Daten berichtigen oder erg\u00e4nzen zu lassen.<\/li>\n<li>Ihre Zustimmung zur Verwendung personenbezogener Daten zu widerrufen.<\/li>\n<li>Verzichten Sie auf gezieltes Marketing.<\/li>\n<li>Unterrichtung \u00fcber einen Vorfall mit personenbezogenen Daten, z. B. eine Daten-\/Sicherheitsverletzung.<\/li>\n<\/ul>\n<p><strong>Wer hat Zugang zu Ihren pers\u00f6nlichen Daten?<\/strong><br \/>Wir verkaufen oder tauschen Ihre pers\u00f6nlichen Daten niemals zu Marketingzwecken mit Dritten aus.<\/p>\n<p>Controller<br \/>Polena Rederi AB<br \/>Pepparv\u00e4gen 34<br \/>123 56 Farsta<br \/>Schweden<\/p>\n<p>Telefon: +46 (0)8 604 04 20<\/p>\n<p>E-Mail: info@vindhem.com<\/p>\n<p>Unternehmensregister: das schwedische Unternehmensregisteramt<\/p>\n<p>Organisationssnummer: 556372-5943<\/p>\n<p>Momsregistreringsnummer: SE556372594301<\/p>\n\t\t\t\t\t\t\t\t<\/div>\n\t\t\t\t<\/div>\n\t\t\t\t\t<\/div>\n\t\t<\/div>\n\t\t\t\t\t<\/div>\n\t\t<\/section>\n\t\t\t\t<\/div>\n\t\t","protected":false},"excerpt":{"rendered":"<p>Datenschutzbestimmungen Polena Rederi AB Wir verpflichten uns, Ihre Privatsph\u00e4re in \u00dcbereinstimmung mit der neuen Allgemeinen Datenschutzverordnung zu sch\u00fctzen. Aus diesem Grund haben wir eine neue Richtlinie entwickelt, die uns bei unserer t\u00e4glichen Arbeit helfen und unseren Kunden und Lieferanten verdeutlichen soll, wie wir Ihre pers\u00f6nlichen Daten sch\u00fctzen und speichern. Eine aktualisierte Fassung dieser Politik wird [&hellip;]<\/p>\n","protected":false},"author":1,"featured_media":0,"parent":0,"menu_order":0,"comment_status":"closed","ping_status":"closed","template":"","meta":{"_acf_changed":false,"footnotes":""},"class_list":["post-1165","page","type-page","status-publish","hentry"],"acf":[],"_links":{"self":[{"href":"https:\/\/vindhem.com\/de\/wp-json\/wp\/v2\/pages\/1165","targetHints":{"allow":["GET"]}}],"collection":[{"href":"https:\/\/vindhem.com\/de\/wp-json\/wp\/v2\/pages"}],"about":[{"href":"https:\/\/vindhem.com\/de\/wp-json\/wp\/v2\/types\/page"}],"author":[{"embeddable":true,"href":"https:\/\/vindhem.com\/de\/wp-json\/wp\/v2\/users\/1"}],"replies":[{"embeddable":true,"href":"https:\/\/vindhem.com\/de\/wp-json\/wp\/v2\/comments?post=1165"}],"version-history":[{"count":0,"href":"https:\/\/vindhem.com\/de\/wp-json\/wp\/v2\/pages\/1165\/revisions"}],"wp:attachment":[{"href":"https:\/\/vindhem.com\/de\/wp-json\/wp\/v2\/media?parent=1165"}],"curies":[{"name":"wp","href":"https:\/\/api.w.org\/{rel}","templated":true}]}}