{"id":1169,"date":"2022-10-07T11:48:56","date_gmt":"2022-10-07T09:48:56","guid":{"rendered":"https:\/\/vindhem.com\/avbokningsregler\/"},"modified":"2025-10-30T08:10:09","modified_gmt":"2025-10-30T07:10:09","slug":"annullierungspolitik","status":"publish","type":"page","link":"https:\/\/vindhem.com\/de\/annullierungspolitik\/","title":{"rendered":"Annullierungspolitik"},"content":{"rendered":"\t\t<div data-elementor-type=\"wp-page\" data-elementor-id=\"1169\" class=\"elementor elementor-1169 elementor-518\" data-elementor-post-type=\"page\">\n\t\t\t\t\t\t<section class=\"elementor-section elementor-top-section elementor-element elementor-element-b5da676 elementor-section-boxed elementor-section-height-default elementor-section-height-default\" data-id=\"b5da676\" data-element_type=\"section\" data-e-type=\"section\">\n\t\t\t\t\t\t<div class=\"elementor-container elementor-column-gap-default\">\n\t\t\t\t\t<div class=\"elementor-column elementor-col-100 elementor-top-column elementor-element elementor-element-75d1e25\" data-id=\"75d1e25\" data-element_type=\"column\" data-e-type=\"column\">\n\t\t\t<div class=\"elementor-widget-wrap elementor-element-populated\">\n\t\t\t\t\t\t<div class=\"elementor-element elementor-element-71a778d elementor-widget__width-initial elementor-widget elementor-widget-text-editor\" data-id=\"71a778d\" data-element_type=\"widget\" data-e-type=\"widget\" data-widget_type=\"text-editor.default\">\n\t\t\t\t<div class=\"elementor-widget-container\">\n\t\t\t\t\t\t\t\t\t<h1>Annullierungspolitik<\/h1><p>Bevor die Buchung best\u00e4tigt oder bezahlt wird, kann der Kunde die Buchung vollst\u00e4ndig l\u00f6schen. Wenn Sie bereits vor dem letzten Best\u00e4tigungsdatum wissen, dass die Reise nicht stattfinden wird, w\u00e4ren wir Ihnen dankbar, wenn Sie uns dies so bald wie m\u00f6glich mitteilen k\u00f6nnten.<\/p><p>Damit eine Annullierung als g\u00fcltig betrachtet werden kann, muss sie in irgendeiner Form best\u00e4tigt werden. Kopie der eingereichten E-Mail, E-Mail-Antwort, in der M\/S Vindhem, Polena Rederi AB best\u00e4tigt, dass die Reservierung storniert wurde, oder eine aktualisierte Buchungsbest\u00e4tigung, in der die ge\u00e4nderte Anzahl der Teilnehmer angegeben ist. Jede Stornierung muss sp\u00e4testens an dem Tag erfolgen, an dem die Buchung best\u00e4tigt werden soll. Es reicht nicht aus, zu sagen, dass man angerufen hat, aber nicht durchkam. Es reicht jedoch aus, wenn Sie angeben, dass Sie eine Stornierung an M\/S Vindhem, Polena Rederi AB gemailt haben. Sie k\u00f6nnen auch eine Quittung f\u00fcr ein Getr\u00e4nk verwenden.<\/p><p><strong>Bis zu 72 Stunden vor der Abreise.<\/strong><br>Stornierung akzeptiert. 25% des stornierten Auftragswertes werden als Stornogeb\u00fchr berechnet.<\/p><p><strong>Bis zu 24 Stunden vor der Abreise.<\/strong><br>Stornierung akzeptiert. 50% des stornierten Auftragswertes werden als Stornogeb\u00fchr berechnet.<\/p><p><strong>Weniger als 24 Stunden vor der Abreise.<\/strong><br>100% des stornierten Auftragswertes werden als Stornogeb\u00fchr berechnet.<\/p><p><strong>Stornierung aufgrund von Krankheit oder anderen besonderen Gr\u00fcnden.<\/strong><br>Stornierung aufgrund von Krankheit oder anderen besonderen Gr\u00fcnden wird akzeptiert. Damit keine Stornogeb\u00fchren erhoben werden, kann M\/S Vindhem, Polena Rederi AB verlangen, dass eine Krankheit oder ein anderer Grund durch ein \u00e4rztliches Attest oder andere Unterlagen nachgewiesen werden kann.<\/p><p><strong>Wenn Krankheit oder andere zwingende Gr\u00fcnde nicht nachgewiesen werden k\u00f6nnen, wird eine Stornogeb\u00fchr wie oben angegeben erhoben.<\/strong><\/p>\t\t\t\t\t\t\t\t<\/div>\n\t\t\t\t<\/div>\n\t\t\t\t\t<\/div>\n\t\t<\/div>\n\t\t\t\t\t<\/div>\n\t\t<\/section>\n\t\t\t\t<\/div>\n\t\t","protected":false},"excerpt":{"rendered":"<p>Annullierungspolitik Bevor die Buchung best\u00e4tigt oder bezahlt wird, kann der Kunde die Buchung vollst\u00e4ndig l\u00f6schen. Wenn Sie bereits vor dem letzten Best\u00e4tigungsdatum wissen, dass die Reise nicht stattfinden wird, w\u00e4ren wir Ihnen dankbar, wenn Sie uns dies so bald wie m\u00f6glich mitteilen k\u00f6nnten. Damit eine Annullierung als g\u00fcltig betrachtet werden kann, muss sie in irgendeiner [&hellip;]<\/p>\n","protected":false},"author":1,"featured_media":0,"parent":0,"menu_order":0,"comment_status":"closed","ping_status":"closed","template":"","meta":{"_acf_changed":false,"footnotes":""},"class_list":["post-1169","page","type-page","status-publish","hentry"],"acf":[],"_links":{"self":[{"href":"https:\/\/vindhem.com\/de\/wp-json\/wp\/v2\/pages\/1169","targetHints":{"allow":["GET"]}}],"collection":[{"href":"https:\/\/vindhem.com\/de\/wp-json\/wp\/v2\/pages"}],"about":[{"href":"https:\/\/vindhem.com\/de\/wp-json\/wp\/v2\/types\/page"}],"author":[{"embeddable":true,"href":"https:\/\/vindhem.com\/de\/wp-json\/wp\/v2\/users\/1"}],"replies":[{"embeddable":true,"href":"https:\/\/vindhem.com\/de\/wp-json\/wp\/v2\/comments?post=1169"}],"version-history":[{"count":0,"href":"https:\/\/vindhem.com\/de\/wp-json\/wp\/v2\/pages\/1169\/revisions"}],"wp:attachment":[{"href":"https:\/\/vindhem.com\/de\/wp-json\/wp\/v2\/media?parent=1169"}],"curies":[{"name":"wp","href":"https:\/\/api.w.org\/{rel}","templated":true}]}}