{"id":1167,"date":"2022-10-07T11:48:32","date_gmt":"2022-10-07T09:48:32","guid":{"rendered":"https:\/\/vindhem.com\/integritetspolicy\/"},"modified":"2022-11-02T11:28:47","modified_gmt":"2022-11-02T09:28:47","slug":"integritetspolicy","status":"publish","type":"page","link":"https:\/\/vindhem.com\/es\/integritetspolicy\/","title":{"rendered":"Pol\u00edtica de privacidad"},"content":{"rendered":"\t\t<div data-elementor-type=\"wp-page\" data-elementor-id=\"1167\" class=\"elementor elementor-1167 elementor-516\" data-elementor-post-type=\"page\">\n\t\t\t\t\t\t<section class=\"elementor-section elementor-top-section elementor-element elementor-element-c9243c2 elementor-section-boxed elementor-section-height-default elementor-section-height-default\" data-id=\"c9243c2\" data-element_type=\"section\" data-e-type=\"section\">\n\t\t\t\t\t\t<div class=\"elementor-container elementor-column-gap-default\">\n\t\t\t\t\t<div class=\"elementor-column elementor-col-100 elementor-top-column elementor-element elementor-element-8f8d51c\" data-id=\"8f8d51c\" data-element_type=\"column\" data-e-type=\"column\">\n\t\t\t<div class=\"elementor-widget-wrap elementor-element-populated\">\n\t\t\t\t\t\t<div class=\"elementor-element elementor-element-7ef00a7 elementor-widget__width-initial elementor-widget elementor-widget-text-editor\" data-id=\"7ef00a7\" data-element_type=\"widget\" data-e-type=\"widget\" data-widget_type=\"text-editor.default\">\n\t\t\t\t<div class=\"elementor-widget-container\">\n\t\t\t\t\t\t\t\t\t<h1>Pol\u00edtica de privacidad<\/h1>\n<h2>Polena Rederi AB<\/h2>\n<p>Nos comprometemos a proteger su privacidad de acuerdo con el nuevo Reglamento General de Protecci\u00f3n de Datos. Por esta raz\u00f3n, hemos desarrollado una nueva pol\u00edtica para ayudarnos con las directrices que necesitamos en nuestro trabajo diario y para dejar claro a nuestros clientes y proveedores c\u00f3mo protegemos y almacenamos sus datos personales. Una versi\u00f3n actualizada de esta pol\u00edtica estar\u00e1 siempre disponible en nuestro sitio web.<\/p>\n<p>Si tiene alguna pregunta, siempre puede llamar o enviar un correo electr\u00f3nico.<\/p>\n<p><strong>\u00bfQui\u00e9n es el responsable de sus datos personales?<\/strong><br \/>Polena Rederi AB (556372-5943), Pepparv\u00e4gen 34, 123 56 Farsta es el responsable del tratamiento de los datos personales.<\/p>\n<p><strong>\u00bfQu\u00e9 recogemos?<\/strong><br \/>Cuando usted hace una reserva con nosotros a trav\u00e9s de nuestra p\u00e1gina web o por tel\u00e9fono, le registramos como cliente. Si se suscribe a nuestro bolet\u00edn, tambi\u00e9n quedar\u00e1 registrado. La cantidad que registramos depende del tipo de cliente que sea. Lo que registramos de un particular suele ser menos que lo que registramos de un cliente empresarial. Esto se debe a que una reserva comercial suele pagarse mediante factura y requiere m\u00e1s informaci\u00f3n que un pago en efectivo a bordo.<\/p>\n<p>En el caso de un particular, registramos como m\u00e1ximo el nombre, la direcci\u00f3n, el n\u00famero de tel\u00e9fono, la direcci\u00f3n de correo electr\u00f3nico, el valor preliminar del pedido, el n\u00famero de comensales, las bebidas que se van a preparar, las preferencias alimentarias (no vinculadas a una persona concreta), las alergias alimentarias (no vinculadas a una persona concreta), las preferencias de colocaci\u00f3n en la mesa y si la persona que hace la reserva quiere que se incluya en ella un cumplea\u00f1os, un aniversario de boda o algo similar.<\/p>\n<p>En el caso de un cliente corporativo, registramos como m\u00e1ximo el nombre de la persona de contacto, el nombre de la empresa, el n\u00famero de organizaci\u00f3n, la direcci\u00f3n, la direcci\u00f3n de facturaci\u00f3n, el centro de costes, la persona de referencia, el n\u00famero de tel\u00e9fono de la persona de contacto, el n\u00famero de tel\u00e9fono de la empresa, el n\u00famero de invitados, las bebidas que se van a preparar, las preferencias alimentarias (no vinculadas a una persona concreta), las alergias alimentarias (no vinculadas a una persona concreta), las preferencias en cuanto a la distribuci\u00f3n de las mesas y si la persona que hace la reserva desea que \u00e9sta incluya un cumplea\u00f1os, un aniversario de boda o una celebraci\u00f3n similar.<\/p>\n<p><strong>\u00bfD\u00f3nde se almacenan sus datos personales?<\/strong><br \/>La informaci\u00f3n que recogemos (v\u00e9ase el punto anterior) se almacena \u00fanicamente en Suecia. En la actualidad, toda esta informaci\u00f3n s\u00f3lo se almacena localmente en los servidores de la empresa y no hay posibilidad de acceder a estos datos desde el exterior.<\/p>\n<p>Entonces, \u00bfpor qu\u00e9 almacenamos estos datos?<\/p>\n<ul>\n<li>Para registrar su(s) reserva(s)<\/li>\n<li>Para gestionar su reserva. Pedir comida. Planificaci\u00f3n del personal. Planificar nuestras actividades en general.<\/li>\n<li>Para ponernos en contacto con usted en relaci\u00f3n con su reserva.<\/li>\n<li>Cumplir con nuestras obligaciones ante la Agencia Sueca de Transporte. Lista de pasajeros con los datos de contacto de la persona que hizo la reserva y el n\u00famero de pasajeros a bordo del buque.<\/li>\n<li>Para facilitar la tramitaci\u00f3n de su pr\u00f3xima reserva, guardaremos su direcci\u00f3n, direcci\u00f3n de correo electr\u00f3nico, nombre y n\u00famero de tel\u00e9fono.<\/li>\n<li>Enviamos informaci\u00f3n sobre los pr\u00f3ximos eventos a bordo de los barcos de la compa\u00f1\u00eda, promociones y descuentos. Nunca compartimos las direcciones de correo electr\u00f3nico con terceros.<\/li>\n<\/ul>\n<p><strong>\u00bfCu\u00e1nto tiempo conservamos estos datos?<\/strong><br \/>Conservaremos sus datos durante el tiempo que sea necesario para cumplir con los motivos anteriores.<br \/>En los casos en que la ley nos obligue a almacenar estos datos durante m\u00e1s tiempo del necesario para nuestras operaciones, Polena Rederi AB cumplir\u00e1, por supuesto, con la legislaci\u00f3n aplicable.<\/p>\n<p><strong>\u00bfCu\u00e1les son mis derechos?<\/strong><br \/>Tiene derecho a solicitar por escrito en cualquier momento informaci\u00f3n sobre los datos personales que tenemos sobre usted. Si esta informaci\u00f3n es inexacta, puede pedir que se corrija. Siempre puede solicitar que se borren sus datos personales. Los datos personales que estamos obligados a conservar por ley no pueden ser eliminados. Si desea un extracto de lo que hemos registrado sobre usted, p\u00f3ngase en contacto con nosotros por carta o correo electr\u00f3nico.<\/p>\n<p>Todas las personas inscritas con nosotros tienen derecho a:<\/p>\n<ul>\n<li>Obtenga informaci\u00f3n sobre el tratamiento de datos personales en el contexto de la recogida de datos.<\/li>\n<li>A obtener gratuitamente (una vez al a\u00f1o), previa solicitud, el acceso a los datos personales registrados con nosotros.<\/li>\n<li>Hacer que se corrijan o completen los datos personales inexactos.<\/li>\n<li>Retirar el consentimiento para el uso de los datos personales.<\/li>\n<li>Abstenerse de hacer marketing dirigido.<\/li>\n<li>Informado de un incidente de datos personales que se ha producido, como una violaci\u00f3n de datos\/seguridad.<\/li>\n<\/ul>\n<p><strong>\u00bfQui\u00e9n tiene acceso a sus datos personales?<\/strong><br \/>Nunca vendemos ni intercambiamos sus datos personales con terceros con fines de marketing.<\/p>\n<p>Controlador<br \/>Polena Rederi AB<br \/>Pepparv\u00e4gen 34<br \/>123 56 Farsta<br \/>Suecia<\/p>\n<p>Tel\u00e9fono: +46 (0)8 604 04 20<\/p>\n<p>Correo electr\u00f3nico: info@vindhem.com<\/p>\n<p>Registro de empresas: la Oficina de Registro de Empresas de Suecia<\/p>\n<p>Organisationssnummer: 556372-5943<\/p>\n<p>Momsregistreringsnummer: SE556372594301<\/p>\n\t\t\t\t\t\t\t\t<\/div>\n\t\t\t\t<\/div>\n\t\t\t\t\t<\/div>\n\t\t<\/div>\n\t\t\t\t\t<\/div>\n\t\t<\/section>\n\t\t\t\t<\/div>\n\t\t","protected":false},"excerpt":{"rendered":"<p>Pol\u00edtica de privacidad Polena Rederi AB Nos comprometemos a proteger su privacidad de acuerdo con el nuevo Reglamento General de Protecci\u00f3n de Datos. Por esta raz\u00f3n, hemos desarrollado una nueva pol\u00edtica para ayudarnos con las directrices que necesitamos en nuestro trabajo diario y para dejar claro a nuestros clientes y proveedores c\u00f3mo protegemos y almacenamos [&hellip;]<\/p>\n","protected":false},"author":1,"featured_media":0,"parent":0,"menu_order":0,"comment_status":"closed","ping_status":"closed","template":"","meta":{"_acf_changed":false,"footnotes":""},"class_list":["post-1167","page","type-page","status-publish","hentry"],"acf":[],"_links":{"self":[{"href":"https:\/\/vindhem.com\/es\/wp-json\/wp\/v2\/pages\/1167","targetHints":{"allow":["GET"]}}],"collection":[{"href":"https:\/\/vindhem.com\/es\/wp-json\/wp\/v2\/pages"}],"about":[{"href":"https:\/\/vindhem.com\/es\/wp-json\/wp\/v2\/types\/page"}],"author":[{"embeddable":true,"href":"https:\/\/vindhem.com\/es\/wp-json\/wp\/v2\/users\/1"}],"replies":[{"embeddable":true,"href":"https:\/\/vindhem.com\/es\/wp-json\/wp\/v2\/comments?post=1167"}],"version-history":[{"count":0,"href":"https:\/\/vindhem.com\/es\/wp-json\/wp\/v2\/pages\/1167\/revisions"}],"wp:attachment":[{"href":"https:\/\/vindhem.com\/es\/wp-json\/wp\/v2\/media?parent=1167"}],"curies":[{"name":"wp","href":"https:\/\/api.w.org\/{rel}","templated":true}]}}