{"id":1188,"date":"2022-09-28T12:18:54","date_gmt":"2022-09-28T10:18:54","guid":{"rendered":"https:\/\/vindhem.com\/julbord\/"},"modified":"2025-09-10T14:06:21","modified_gmt":"2025-09-10T12:06:21","slug":"buffet-navideno","status":"publish","type":"page","link":"https:\/\/vindhem.com\/es\/buffet-navideno\/","title":{"rendered":"Cena de Navidad"},"content":{"rendered":"\t\t<div data-elementor-type=\"wp-page\" data-elementor-id=\"1188\" class=\"elementor elementor-1188 elementor-20\" data-elementor-post-type=\"page\">\n\t\t\t\t\t\t<section class=\"elementor-section elementor-top-section elementor-element elementor-element-a70b684 elementor-section-boxed elementor-section-height-default elementor-section-height-default\" data-id=\"a70b684\" data-element_type=\"section\" data-e-type=\"section\">\n\t\t\t\t\t\t<div class=\"elementor-container elementor-column-gap-default\">\n\t\t\t\t\t<div class=\"elementor-column elementor-col-100 elementor-top-column elementor-element elementor-element-5733906\" data-id=\"5733906\" data-element_type=\"column\" data-e-type=\"column\">\n\t\t\t<div class=\"elementor-widget-wrap elementor-element-populated\">\n\t\t\t\t\t\t<div class=\"elementor-element elementor-element-44b38a6 elementor-widget elementor-widget-heading\" data-id=\"44b38a6\" data-element_type=\"widget\" data-e-type=\"widget\" data-widget_type=\"heading.default\">\n\t\t\t\t<div class=\"elementor-widget-container\">\n\t\t\t\t\t<h1 class=\"elementor-heading-title elementor-size-default\">Cena tradicional sueca de Navidad<\/h1>\t\t\t\t<\/div>\n\t\t\t\t<\/div>\n\t\t\t\t<div class=\"elementor-element elementor-element-de6a8cd elementor-widget elementor-widget-image\" data-id=\"de6a8cd\" data-element_type=\"widget\" data-e-type=\"widget\" data-widget_type=\"image.default\">\n\t\t\t\t<div class=\"elementor-widget-container\">\n\t\t\t\t\t\t\t\t\t\t\t\t\t\t\t<img fetchpriority=\"high\" decoding=\"async\" width=\"1230\" height=\"615\" src=\"https:\/\/vindhem.com\/wp-content\/uploads\/2022\/10\/DSC3380_Vindhem_Jullunch_AndersES.jpg\" class=\"attachment-full size-full wp-image-947\" alt=\"\" srcset=\"https:\/\/vindhem.com\/wp-content\/uploads\/2022\/10\/DSC3380_Vindhem_Jullunch_AndersES.jpg 1230w, https:\/\/vindhem.com\/wp-content\/uploads\/2022\/10\/DSC3380_Vindhem_Jullunch_AndersES-300x150.jpg 300w, https:\/\/vindhem.com\/wp-content\/uploads\/2022\/10\/DSC3380_Vindhem_Jullunch_AndersES-1024x512.jpg 1024w, https:\/\/vindhem.com\/wp-content\/uploads\/2022\/10\/DSC3380_Vindhem_Jullunch_AndersES-768x384.jpg 768w\" sizes=\"(max-width: 1230px) 100vw, 1230px\" \/>\t\t\t\t\t\t\t\t\t\t\t\t\t\t\t<\/div>\n\t\t\t\t<\/div>\n\t\t\t\t\t<\/div>\n\t\t<\/div>\n\t\t\t\t\t<\/div>\n\t\t<\/section>\n\t\t\t\t<section class=\"elementor-section elementor-top-section elementor-element elementor-element-3e745d9 elementor-section-boxed elementor-section-height-default elementor-section-height-default\" data-id=\"3e745d9\" data-element_type=\"section\" data-e-type=\"section\">\n\t\t\t\t\t\t<div class=\"elementor-container elementor-column-gap-default\">\n\t\t\t\t\t<div class=\"elementor-column elementor-col-66 elementor-top-column elementor-element elementor-element-4cb7fd5\" data-id=\"4cb7fd5\" data-element_type=\"column\" data-e-type=\"column\">\n\t\t\t<div class=\"elementor-widget-wrap elementor-element-populated\">\n\t\t\t\t\t\t<div class=\"elementor-element elementor-element-33424ea elementor-widget elementor-widget-heading\" data-id=\"33424ea\" data-element_type=\"widget\" data-e-type=\"widget\" data-widget_type=\"heading.default\">\n\t\t\t\t<div class=\"elementor-widget-container\">\n\t\t\t\t\t<h2 class=\"elementor-heading-title elementor-size-default\">Estamos montando nuestra gran mesa de Navidad.<\/h2>\t\t\t\t<\/div>\n\t\t\t\t<\/div>\n\t\t\t\t<div class=\"elementor-element elementor-element-5416e2e elementor-widget elementor-widget-text-editor\" data-id=\"5416e2e\" data-element_type=\"widget\" data-e-type=\"widget\" data-widget_type=\"text-editor.default\">\n\t\t\t\t<div class=\"elementor-widget-container\">\n\t\t\t\t\t\t\t\t\t<p>Crucero de mesa de Navidad entre islas, islotes y&#8230;<\/p><p>27\/11 &#8211; 20\/12<\/p><p>Por supuesto, todos los viejos cl\u00e1sicos siguen ah\u00ed. Jam\u00f3n de Navidad, manitas de cerdo, nuestros arenques en escabeche caseros, alb\u00f3ndigas enrolladas en casa, salchichas pr\u00edncipe, salchichas de Navidad, tentaci\u00f3n casera de Jansson, lutefisk con salsa blanca y guisantes, costillas glaseadas con miel, col lombarda, salm\u00f3n grabado, salm\u00f3n ahumado en fr\u00edo y salm\u00f3n ahumado en caliente.<\/p><p>A esto hemos a\u00f1adido varios platos relacionados con el mar, como gambas, langostinos ahumados, ensalada C\u00e9sar con salm\u00f3n ahumado caliente, aletas de salm\u00f3n ahumado, bok choy, pat\u00e9 de marisco, revuelto de skagen casero y revuelto de salm\u00f3n.<\/p><p>En el improbable caso de que te quede algo de sitio en el est\u00f3mago para el postre, servimos tarta de manzana casera con natillas, tiramis\u00fa, galletas caseras, strudels con mermelada y nata, una fant\u00e1stica tabla de quesos y mucho, mucho m\u00e1s&#8230;<\/p><p>A bordo, nuestro trovador le amenizar\u00e1 con m\u00fasica mixta, hecha a su medida.<\/p><p><b>Vegetariano\/Vegano<\/b><strong>. <\/strong>Si es usted vegetariano o vegano y, por lo tanto, no come carne, pescado o aves de corral, por supuesto tambi\u00e9n podemos organizar la comida para usted. Nuestros cocineros han optado por servir la opci\u00f3n m\u00e1s sabrosa y variada que existe, el Meze, en lugar de servir compromisos a medias sobre la comida navide\u00f1a sueca.  <br>Sin embargo, necesitamos saber tres d\u00edas antes si alguien es vegetariano o vegano.<\/p>\t\t\t\t\t\t\t\t<\/div>\n\t\t\t\t<\/div>\n\t\t\t\t\t<\/div>\n\t\t<\/div>\n\t\t\t\t<div class=\"elementor-column elementor-col-33 elementor-top-column elementor-element elementor-element-9d41819\" data-id=\"9d41819\" data-element_type=\"column\" data-e-type=\"column\" data-settings=\"{&quot;background_background&quot;:&quot;classic&quot;}\">\n\t\t\t<div class=\"elementor-widget-wrap elementor-element-populated\">\n\t\t\t\t\t\t<div class=\"elementor-element elementor-element-a88991d elementor-widget elementor-widget-heading\" data-id=\"a88991d\" data-element_type=\"widget\" data-e-type=\"widget\" data-widget_type=\"heading.default\">\n\t\t\t\t<div class=\"elementor-widget-container\">\n\t\t\t\t\t<h3 class=\"elementor-heading-title elementor-size-default\">Precio<\/h3>\t\t\t\t<\/div>\n\t\t\t\t<\/div>\n\t\t\t\t<div class=\"elementor-element elementor-element-9e32236 elementor-widget elementor-widget-text-editor\" data-id=\"9e32236\" data-element_type=\"widget\" data-e-type=\"widget\" data-widget_type=\"text-editor.default\">\n\t\t\t\t<div class=\"elementor-widget-container\">\n\t\t\t\t\t\t\t\t\t<p><strong>Almuerzo<\/strong><br>S\u00e1bado 775:-<\/p><p><strong>Cena<\/strong><br>Martes-jueves 865:-<br>Viernes-s\u00e1bado 945:-<\/p><p><em>El precio incluye una bebida de bienvenida, caf\u00e9, guardarropa e IVA.<\/em><\/p>\t\t\t\t\t\t\t\t<\/div>\n\t\t\t\t<\/div>\n\t\t\t\t<div class=\"elementor-element elementor-element-60105e8 elementor-widget elementor-widget-button\" data-id=\"60105e8\" data-element_type=\"widget\" data-e-type=\"widget\" data-widget_type=\"button.default\">\n\t\t\t\t<div class=\"elementor-widget-container\">\n\t\t\t\t\t\t\t\t\t<div class=\"elementor-button-wrapper\">\n\t\t\t\t\t<a class=\"elementor-button elementor-button-link elementor-size-sm\" href=\"https:\/\/app.bookspot.io\/widget\/v2\/dialog\/new-order?key=8ecf9842551986bea7cc72001c86b5d535b752578854b1aacee7272d488d52fb&#038;productTypes=products,vouchers&#038;listView=products&#038;products=15974&#038;products=15729\">\n\t\t\t\t\t\t<span class=\"elementor-button-content-wrapper\">\n\t\t\t\t\t\t\t\t\t<span class=\"elementor-button-text\">Reservar la cena de Navidad<\/span>\n\t\t\t\t\t<\/span>\n\t\t\t\t\t<\/a>\n\t\t\t\t<\/div>\n\t\t\t\t\t\t\t\t<\/div>\n\t\t\t\t<\/div>\n\t\t\t\t\t<\/div>\n\t\t<\/div>\n\t\t\t\t\t<\/div>\n\t\t<\/section>\n\t\t\t\t<section class=\"elementor-section elementor-top-section elementor-element elementor-element-c255fd5 elementor-section-boxed elementor-section-height-default elementor-section-height-default\" data-id=\"c255fd5\" data-element_type=\"section\" data-e-type=\"section\">\n\t\t\t\t\t\t<div class=\"elementor-container elementor-column-gap-default\">\n\t\t\t\t\t<div class=\"elementor-column elementor-col-100 elementor-top-column elementor-element elementor-element-f915e32\" data-id=\"f915e32\" data-element_type=\"column\" data-e-type=\"column\" data-settings=\"{&quot;background_background&quot;:&quot;gradient&quot;}\">\n\t\t\t<div class=\"elementor-widget-wrap elementor-element-populated\">\n\t\t\t\t\t\t<div class=\"elementor-element elementor-element-e6d0177 elementor-widget elementor-widget-heading\" data-id=\"e6d0177\" data-element_type=\"widget\" data-e-type=\"widget\" data-widget_type=\"heading.default\">\n\t\t\t\t<div class=\"elementor-widget-container\">\n\t\t\t\t\t<h2 class=\"elementor-heading-title elementor-size-default\">\u00a1Favorito en la repetici\u00f3n!<\/h2>\t\t\t\t<\/div>\n\t\t\t\t<\/div>\n\t\t\t\t<div class=\"elementor-element elementor-element-a439b7e elementor-widget__width-initial elementor-widget-mobile__width-inherit elementor-widget elementor-widget-text-editor\" data-id=\"a439b7e\" data-element_type=\"widget\" data-e-type=\"widget\" data-widget_type=\"text-editor.default\">\n\t\t\t\t<div class=\"elementor-widget-container\">\n\t\t\t\t\t\t\t\t\t<p>Como la Navidad es una fiesta para ni\u00f1os, queremos dar a todos los adultos la oportunidad de llevar a sus hijos a la cena de Navidad sin arruinarse.<\/p><p>Este a\u00f1o, cada adulto que pague la cuota completa puede llevar a un ni\u00f1o (menor de 13 a\u00f1os) gratis en cualquier crucero.<\/p><p>Para nosotros, da igual que sean nuestros propios hijos, nietos, sobrinos o los hijos del vecino&#8230;<\/p><p>1 adulto = 1 ni\u00f1o gratis, 2 adultos = 2 ni\u00f1os gratis, etc.  <\/p>\t\t\t\t\t\t\t\t<\/div>\n\t\t\t\t<\/div>\n\t\t\t\t<div class=\"elementor-element elementor-element-089827f elementor-widget__width-initial elementor-widget-mobile__width-inherit elementor-widget elementor-widget-text-editor\" data-id=\"089827f\" data-element_type=\"widget\" data-e-type=\"widget\" data-widget_type=\"text-editor.default\">\n\t\t\t\t<div class=\"elementor-widget-container\">\n\t\t\t\t\t\t\t\t\t<p><strong>Comida<\/strong><br>S\u00e1bado 12.30-15.30<\/p>\n<p><strong>Cena<\/strong><br>Todos los d\u00edas 18.30-22.00&nbsp;<\/p>\n<p>Embarque 45 minutos antes de la salida.<\/p>\t\t\t\t\t\t\t\t<\/div>\n\t\t\t\t<\/div>\n\t\t\t\t\t<\/div>\n\t\t<\/div>\n\t\t\t\t\t<\/div>\n\t\t<\/section>\n\t\t\t\t<\/div>\n\t\t","protected":false},"excerpt":{"rendered":"<p>Cena tradicional sueca de Navidad Estamos montando nuestra gran mesa de Navidad. Crucero de mesa de Navidad entre islas, islotes y&#8230; 27\/11 &#8211; 20\/12 Por supuesto, todos los viejos cl\u00e1sicos siguen ah\u00ed. Jam\u00f3n de Navidad, manitas de cerdo, nuestros arenques en escabeche caseros, alb\u00f3ndigas enrolladas en casa, salchichas pr\u00edncipe, salchichas de Navidad, tentaci\u00f3n casera de [&hellip;]<\/p>\n","protected":false},"author":1,"featured_media":0,"parent":0,"menu_order":0,"comment_status":"closed","ping_status":"closed","template":"","meta":{"_acf_changed":false,"footnotes":""},"class_list":["post-1188","page","type-page","status-publish","hentry"],"acf":[],"_links":{"self":[{"href":"https:\/\/vindhem.com\/es\/wp-json\/wp\/v2\/pages\/1188","targetHints":{"allow":["GET"]}}],"collection":[{"href":"https:\/\/vindhem.com\/es\/wp-json\/wp\/v2\/pages"}],"about":[{"href":"https:\/\/vindhem.com\/es\/wp-json\/wp\/v2\/types\/page"}],"author":[{"embeddable":true,"href":"https:\/\/vindhem.com\/es\/wp-json\/wp\/v2\/users\/1"}],"replies":[{"embeddable":true,"href":"https:\/\/vindhem.com\/es\/wp-json\/wp\/v2\/comments?post=1188"}],"version-history":[{"count":0,"href":"https:\/\/vindhem.com\/es\/wp-json\/wp\/v2\/pages\/1188\/revisions"}],"wp:attachment":[{"href":"https:\/\/vindhem.com\/es\/wp-json\/wp\/v2\/media?parent=1188"}],"curies":[{"name":"wp","href":"https:\/\/api.w.org\/{rel}","templated":true}]}}