{"id":1192,"date":"2022-09-28T12:13:49","date_gmt":"2022-09-28T10:13:49","guid":{"rendered":"https:\/\/vindhem.com\/kontakt\/"},"modified":"2023-11-07T12:48:48","modified_gmt":"2023-11-07T11:48:48","slug":"contacto","status":"publish","type":"page","link":"https:\/\/vindhem.com\/es\/contacto\/","title":{"rendered":"Contacte con"},"content":{"rendered":"\t\t<div data-elementor-type=\"wp-page\" data-elementor-id=\"1192\" class=\"elementor elementor-1192 elementor-13\" data-elementor-post-type=\"page\">\n\t\t\t\t\t\t<section class=\"elementor-section elementor-top-section elementor-element elementor-element-eeb9653 elementor-section-boxed elementor-section-height-default elementor-section-height-default\" data-id=\"eeb9653\" data-element_type=\"section\" data-e-type=\"section\">\n\t\t\t\t\t\t<div class=\"elementor-container elementor-column-gap-default\">\n\t\t\t\t\t<div class=\"elementor-column elementor-col-100 elementor-top-column elementor-element elementor-element-17d5aa0\" data-id=\"17d5aa0\" data-element_type=\"column\" data-e-type=\"column\">\n\t\t\t<div class=\"elementor-widget-wrap elementor-element-populated\">\n\t\t\t\t\t\t<div class=\"elementor-element elementor-element-e8a4e42 elementor-widget elementor-widget-heading\" data-id=\"e8a4e42\" data-element_type=\"widget\" data-e-type=\"widget\" data-widget_type=\"heading.default\">\n\t\t\t\t<div class=\"elementor-widget-container\">\n\t\t\t\t\t<h1 class=\"elementor-heading-title elementor-size-default\">Contacto y empleo<\/h1>\t\t\t\t<\/div>\n\t\t\t\t<\/div>\n\t\t\t\t<div class=\"elementor-element elementor-element-4e9920a elementor-widget__width-initial elementor-widget elementor-widget-text-editor\" data-id=\"4e9920a\" data-element_type=\"widget\" data-e-type=\"widget\" data-widget_type=\"text-editor.default\">\n\t\t\t\t<div class=\"elementor-widget-container\">\n\t\t\t\t\t\t\t\t\t<p>La mejor manera de ponerse en contacto con nosotros para pedidos y reservas es llamando a nuestra oficina. Tambi\u00e9n puede hacer una <a href=\"https:\/\/vindhem.com\/es\/reservaciones\/\">solicitud de reserva<\/a> directamente en el sitio web.<\/p>\n\t\t\t\t\t\t\t\t<\/div>\n\t\t\t\t<\/div>\n\t\t\t\t<section class=\"elementor-section elementor-inner-section elementor-element elementor-element-4b27d6a elementor-section-boxed elementor-section-height-default elementor-section-height-default\" data-id=\"4b27d6a\" data-element_type=\"section\" data-e-type=\"section\">\n\t\t\t\t\t\t<div class=\"elementor-container elementor-column-gap-wide\">\n\t\t\t\t\t<div class=\"elementor-column elementor-col-33 elementor-inner-column elementor-element elementor-element-3948720\" data-id=\"3948720\" data-element_type=\"column\" data-e-type=\"column\" data-settings=\"{&quot;background_background&quot;:&quot;classic&quot;}\">\n\t\t\t<div class=\"elementor-widget-wrap elementor-element-populated\">\n\t\t\t\t\t\t<div class=\"elementor-element elementor-element-e3f03e4 elementor-widget elementor-widget-text-editor\" data-id=\"e3f03e4\" data-element_type=\"widget\" data-e-type=\"widget\" data-widget_type=\"text-editor.default\">\n\t\t\t\t<div class=\"elementor-widget-container\">\n\t\t\t\t\t\t\t\t\t<h2>Oficina<\/h2>\n<p>Polena Rederi AB<br \/>Pepparv\u00e4gen 34<br \/>123 56 Farsta <a href=\"https:\/\/maps.google.se\/maps?f=q&amp;source=s_q&amp;hl=sv&amp;geocode=+&amp;q=Polena+Rederi+AB+Kristinehamnsgatan+62+123+44+Farsta&amp;ie=UTF8&amp;hq=Polena+Rederi+AB&amp;hnear=Kristinehamnsgatan+62,+123+44+Farsta&amp;t=m&amp;vpsrc=0&amp;cid=6615724013589474821&amp;z=15&amp;iwloc=A\" target=\"_blank\" rel=\"noopener\">Mostrar en el mapa<\/a><\/p>\n<p>Tel\u00e9fono: 08- 604 04 20<\/p>\n<p>Correo electr\u00f3nico: <a href=\"mailto:info@vindhem.com\">info@vindhem.com<\/a><\/p>\n\t\t\t\t\t\t\t\t<\/div>\n\t\t\t\t<\/div>\n\t\t\t\t\t<\/div>\n\t\t<\/div>\n\t\t\t\t<div class=\"elementor-column elementor-col-33 elementor-inner-column elementor-element elementor-element-8846ba5\" data-id=\"8846ba5\" data-element_type=\"column\" data-e-type=\"column\" data-settings=\"{&quot;background_background&quot;:&quot;classic&quot;}\">\n\t\t\t<div class=\"elementor-widget-wrap elementor-element-populated\">\n\t\t\t\t\t\t<div class=\"elementor-element elementor-element-3526695 elementor-widget elementor-widget-text-editor\" data-id=\"3526695\" data-element_type=\"widget\" data-e-type=\"widget\" data-widget_type=\"text-editor.default\">\n\t\t\t\t<div class=\"elementor-widget-container\">\n\t\t\t\t\t\t\t\t\t<h2>El barco<\/h2>\n<p class=\"center\">M\/S Vindhem<br \/>Muelle 101 de Skeppsbron<br \/><em>(Frente al Palacio Real)<\/em><\/p>\n<p class=\"center\"><span class=\"white\"><strong>Se puede contactar con el jefe de a bordo en<\/strong><br \/>Telefon +46 8 642 31 03<br \/>Mar &#8211; Sab 15.00 &#8211; 20.00<\/span><\/p>\n\t\t\t\t\t\t\t\t<\/div>\n\t\t\t\t<\/div>\n\t\t\t\t\t<\/div>\n\t\t<\/div>\n\t\t\t\t<div class=\"elementor-column elementor-col-33 elementor-inner-column elementor-element elementor-element-99abb61\" data-id=\"99abb61\" data-element_type=\"column\" data-e-type=\"column\" data-settings=\"{&quot;background_background&quot;:&quot;classic&quot;}\">\n\t\t\t<div class=\"elementor-widget-wrap elementor-element-populated\">\n\t\t\t\t\t\t<div class=\"elementor-element elementor-element-6cd3308 elementor-widget elementor-widget-text-editor\" data-id=\"6cd3308\" data-element_type=\"widget\" data-e-type=\"widget\" data-widget_type=\"text-editor.default\">\n\t\t\t\t<div class=\"elementor-widget-container\">\n\t\t\t\t\t\t\t\t\t<h2>Trabaja con nosotros<\/h2>\n<p>\u00bfLe interesa? Env\u00ede una solicitud a <a href=\"mailto:bokningen@vindhem.com\">bokningen@vindhem.com.<\/a><\/p>\n<p>Bienvenido.<\/p>\n\t\t\t\t\t\t\t\t<\/div>\n\t\t\t\t<\/div>\n\t\t\t\t\t<\/div>\n\t\t<\/div>\n\t\t\t\t\t<\/div>\n\t\t<\/section>\n\t\t\t\t<div class=\"elementor-element elementor-element-53e0b07 elementor-widget elementor-widget-heading\" data-id=\"53e0b07\" data-element_type=\"widget\" data-e-type=\"widget\" data-widget_type=\"heading.default\">\n\t\t\t\t<div class=\"elementor-widget-container\">\n\t\t\t\t\t<h2 class=\"elementor-heading-title elementor-size-default\">El barco sale de aqui<\/h2>\t\t\t\t<\/div>\n\t\t\t\t<\/div>\n\t\t\t\t<div class=\"elementor-element elementor-element-a9e78e7 elementor-widget elementor-widget-google_maps\" data-id=\"a9e78e7\" data-element_type=\"widget\" data-e-type=\"widget\" data-widget_type=\"google_maps.default\">\n\t\t\t\t<div class=\"elementor-widget-container\">\n\t\t\t\t\t\t\t<div class=\"elementor-custom-embed\">\n\t\t\t<iframe loading=\"lazy\"\n\t\t\t\t\tsrc=\"https:\/\/www.google.com\/maps\/embed\/v1\/place?key=AIzaSyDpo1gL1O9MVkdljg7cH1TQSVxOZeExoSA&#038;q=M%2FS%20Vindhem%2C%20Skeppsbron%20101%2C%20111%2030%20Stockholm&#038;zoom=13\"\n\t\t\t\t\ttitle=\"M\/S Vindhem, Skeppsbron 101, 111 30 Stockholm\"\n\t\t\t\t\taria-label=\"M\/S Vindhem, Skeppsbron 101, 111 30 Stockholm\"\n\t\t\t><\/iframe>\n\t\t<\/div>\n\t\t\t\t\t\t<\/div>\n\t\t\t\t<\/div>\n\t\t\t\t\t<\/div>\n\t\t<\/div>\n\t\t\t\t\t<\/div>\n\t\t<\/section>\n\t\t\t\t<\/div>\n\t\t","protected":false},"excerpt":{"rendered":"<p>Contacto y empleo La mejor manera de ponerse en contacto con nosotros para pedidos y reservas es llamando a nuestra oficina. Tambi\u00e9n puede hacer una solicitud de reserva directamente en el sitio web. Oficina Polena Rederi ABPepparv\u00e4gen 34123 56 Farsta Mostrar en el mapa Tel\u00e9fono: 08- 604 04 20 Correo electr\u00f3nico: info@vindhem.com El barco M\/S [&hellip;]<\/p>\n","protected":false},"author":1,"featured_media":0,"parent":0,"menu_order":0,"comment_status":"closed","ping_status":"closed","template":"","meta":{"_acf_changed":false,"footnotes":""},"class_list":["post-1192","page","type-page","status-publish","hentry"],"acf":[],"_links":{"self":[{"href":"https:\/\/vindhem.com\/es\/wp-json\/wp\/v2\/pages\/1192","targetHints":{"allow":["GET"]}}],"collection":[{"href":"https:\/\/vindhem.com\/es\/wp-json\/wp\/v2\/pages"}],"about":[{"href":"https:\/\/vindhem.com\/es\/wp-json\/wp\/v2\/types\/page"}],"author":[{"embeddable":true,"href":"https:\/\/vindhem.com\/es\/wp-json\/wp\/v2\/users\/1"}],"replies":[{"embeddable":true,"href":"https:\/\/vindhem.com\/es\/wp-json\/wp\/v2\/comments?post=1192"}],"version-history":[{"count":0,"href":"https:\/\/vindhem.com\/es\/wp-json\/wp\/v2\/pages\/1192\/revisions"}],"wp:attachment":[{"href":"https:\/\/vindhem.com\/es\/wp-json\/wp\/v2\/media?parent=1192"}],"curies":[{"name":"wp","href":"https:\/\/api.w.org\/{rel}","templated":true}]}}