{"id":2350,"date":"2022-09-28T12:19:32","date_gmt":"2022-09-28T10:19:32","guid":{"rendered":"https:\/\/vindhem.com\/calendario\/"},"modified":"2025-06-25T16:46:36","modified_gmt":"2025-06-25T14:46:36","slug":"calendario","status":"publish","type":"page","link":"https:\/\/vindhem.com\/es\/calendario\/","title":{"rendered":"Calendario"},"content":{"rendered":"\t\t<div data-elementor-type=\"wp-page\" data-elementor-id=\"2350\" class=\"elementor elementor-2350 elementor-23\" data-elementor-post-type=\"page\">\n\t\t\t\t\t\t<section class=\"elementor-section elementor-top-section elementor-element elementor-element-78ccb84 elementor-section-boxed elementor-section-height-default elementor-section-height-default\" data-id=\"78ccb84\" data-element_type=\"section\" data-e-type=\"section\">\n\t\t\t\t\t\t<div class=\"elementor-container elementor-column-gap-default\">\n\t\t\t\t\t<div class=\"elementor-column elementor-col-100 elementor-top-column elementor-element elementor-element-88b7a54\" data-id=\"88b7a54\" data-element_type=\"column\" data-e-type=\"column\">\n\t\t\t<div class=\"elementor-widget-wrap elementor-element-populated\">\n\t\t\t\t\t\t<div class=\"elementor-element elementor-element-7e3b894 elementor-widget elementor-widget-heading\" data-id=\"7e3b894\" data-element_type=\"widget\" data-e-type=\"widget\" data-widget_type=\"heading.default\">\n\t\t\t\t<div class=\"elementor-widget-container\">\n\t\t\t\t\t<h1 class=\"elementor-heading-title elementor-size-default\">Calendario<\/h1>\t\t\t\t<\/div>\n\t\t\t\t<\/div>\n\t\t\t\t<div class=\"elementor-element elementor-element-904ded3 elementor-widget__width-initial elementor-widget elementor-widget-text-editor\" data-id=\"904ded3\" data-element_type=\"widget\" data-e-type=\"widget\" data-widget_type=\"text-editor.default\">\n\t\t\t\t<div class=\"elementor-widget-container\">\n\t\t\t\t\t\t\t\t\t<p>A continuaci\u00f3n puedes ver una lista de nuestras excursiones por el archipi\u00e9lago previstas en Estocolmo. Si no encuentras una fecha que te convenga, puedes<strong> <a href=\"https:\/\/vindhem.com\/es\/reservaciones\/\">enviar una solicitud de reserva<\/a><\/strong> para otra fecha.<br>O llama al <strong>+46 (0)8-604 04 20<\/strong> <br>de lunes a viernes entre las 10 y las 16 horas. <\/p><p><b>\u00bfPreguntas sobre la salida de esta noche?<br>Llama al ma\u00eetre d&#8217;h\u00f4tel al +46 (0)8 642 31 03 despu\u00e9s de las 16.00.  <\/b><\/p>\t\t\t\t\t\t\t\t<\/div>\n\t\t\t\t<\/div>\n\t\t\t\t<div class=\"elementor-element elementor-element-f6cfc0c elementor-widget elementor-widget-MEC\" data-id=\"f6cfc0c\" data-element_type=\"widget\" data-e-type=\"widget\" data-widget_type=\"MEC.default\">\n\t\t\t\t<div class=\"elementor-widget-container\">\n\t\t\t\t\t<div id=\"mec_skin_296\" class=\"mec-wrap colorskin-custom  \">\r\n\r\n    <form id=\"mec_search_form_296\" class=\"mec-search-form mec-totalcal-box mec-dropdown-classic\" autocomplete=\"off\"><div class=\"mec-dropdown-wrap\" ><div class=\"mec-dropdown-search\"><i class=\"mec-sl-folder\"><\/i><select  name=' ' id='mec_sf_category_296' class='postform'>\n\t<option value='' selected='selected'>Categor\u00eda<\/option>\n\t<option class=\"level-0\" value=\"74\">Cena de Navidad<\/option>\n\t<option class=\"level-0\" value=\"71\">Noche de camarones y noches de rock<\/option>\n\t<option class=\"level-0\" value=\"70\">Otros<\/option>\n<\/select>\n<\/div><\/div><div class=\"mec-date-search\"><input type=\"hidden\" id=\"mec-filter-none\" value=\"Seleccionar\"><i class=\"mec-sl-calendar\"><\/i>\r\n                    <select id=\"mec_sf_month_296\" title=\"Filtrar por mes\">\r\n                        <option value=\"\">Select Month<\/option><option value=\"01\" >enero<\/option><option value=\"02\" >febrero<\/option><option value=\"03\" >marzo<\/option><option value=\"04\" >abril<\/option><option value=\"05\" selected>mayo<\/option><option value=\"06\" >junio<\/option><option value=\"07\" >julio<\/option><option value=\"08\" >agosto<\/option><option value=\"09\" >septiembre<\/option><option value=\"10\" >octubre<\/option><option value=\"11\" >noviembre<\/option><option value=\"12\" >diciembre<\/option><\/select><select id=\"mec_sf_year_296\" title=\"Year Filter\"><option value=\"\">Select Year<\/option><option value=\"2026\" selected>2026<\/option><option value=\"2027\" >2027<\/option><\/select><\/div><\/form>\r\n    <div class=\"mec-tile\">\r\n        <div class=\"mec-calendar-topsec\">\r\n            <div class=\"mec-clear\">\r\n                                <div class=\"mec-skin-tile-month-navigator-container\">\r\n                    <div class=\"mec-month-navigator\" id=\"mec_month_navigator_296_202605\"><div class=\"mec-calendar-header\"><h2>mayo 2026<\/h2><\/div><div class=\"mec-next-month mec-load-month mec-next-month\" data-mec-year=\"2026\" data-mec-month=\"06\"><a href=\"#\" class=\"mec-load-month-link\">junio <i class=\"mec-sl-angle-right\"><\/i><\/a><\/div><\/div>\r\n                <\/div>\r\n                \r\n                <div class=\"mec-calendar-table\" id=\"mec_skin_events_296\">\r\n                                            <div class=\"mec-month-container mec-month-container-selected\" id=\"mec_tile_month_296_202605\" data-month-id=\"202605\"><div class=\"mec-wrap colorskin-custom\">\r\n    <div class=\"mec-event-tile-view\">\r\n        <div class=\"row\"><div class=\"col-md-3 col-sm-3\">                    <article  data-href=\"https:\/\/app.bookspot.io\/widget\/v2\/dialog\/new-order?key=8ecf9842551986bea7cc72001c86b5d535b752578854b1aacee7272d488d52fb&#038;productTypes=products,vouchers&#038;listView=products&#038;products=14180&#038;occurrence=2026-05-15&#038;time=1778871600\" data-target=\"\" style=\"background: url('https:\/\/vindhem.com\/wp-content\/uploads\/2025\/06\/20180428_223931-300x400.jpg')\" class=\"  mec-event-article mec-tile-item tile-multipleday-event mec-clear  \">\r\n                                                                        <div class=\"event-tile-view-head clearfix\">\r\n                                                            <div class=\"mec-event-month\"><span class=\"mec-start-date-label\">Vie 15 May<\/span><span class=\"mec-end-date-label\" itemprop=\"endDate\"> - Vie 18 Sep<\/span><\/div>\r\n                                                        <div class=\"mec-event-time\"><i class=\"mec-sl-clock\"><\/i>19:00<\/div>\r\n                        <\/div>\r\n                        <div class=\"mec-event-content\" data-target=\"\" data-event-id=\"5889\">\r\n                            <a href=\"https:\/\/app.bookspot.io\/widget\/v2\/dialog\/new-order?key=8ecf9842551986bea7cc72001c86b5d535b752578854b1aacee7272d488d52fb&#038;productTypes=products,vouchers&#038;listView=products&#038;products=14180&#038;occurrence=2026-05-15&#038;time=1778871600\" target=\"\" class=\"mec-tile-into-content-link\"><\/a>                            <div class=\"mec-tile-event-content\">\r\n                                <div class=\"mec-event-detail\">\r\n                                                                                                            <span class=\"mec-event-loc-place\"><i class=\"mec-sl-location-pin\"><\/i>M\/S Vindhem<\/span>                                                                    <\/div>\r\n                                                                <h4 class=\"mec-event-title\"><a class=\"mec-color-hover\" data-event-id=\"5889\" href=\"https:\/\/app.bookspot.io\/widget\/v2\/dialog\/new-order?key=8ecf9842551986bea7cc72001c86b5d535b752578854b1aacee7272d488d52fb&#038;productTypes=products,vouchers&#038;listView=products&#038;products=14180&#038;occurrence=2026-05-15&#038;time=1778871600\" target=\"_self\" rel=\"noopener\">Pr\u00f3ximamente banda de covers &#8211; Crucero Rock, Camarones y Tacos<\/a><\/h4>\r\n                                                            <\/div>\r\n                        <\/div>\r\n                    <\/article>\r\n                <\/div>            <div class=\"col-md-3 col-sm-3\">                    <article  data-href=\"https:\/\/vindhem.com\/es\/event\/teddyz-crucero-de-rock-gambas-y-tacos\/?occurrence=2026-05-15\" data-target=\"\" style=\"background: url('https:\/\/vindhem.com\/wp-content\/uploads\/2025\/08\/TEDDYZ-AFFISCH-300x400.jpg')\" class=\"  mec-event-article mec-tile-item  mec-clear  \">\r\n                                                                        <div class=\"event-tile-view-head clearfix\">\r\n                                                            <div class=\"mec-event-month\"><span class=\"mec-start-date-label\">Vie 15 May<\/span><\/div>\r\n                                                        <div class=\"mec-event-time\"><i class=\"mec-sl-clock\"><\/i>19:00<\/div>\r\n                        <\/div>\r\n                        <div class=\"mec-event-content\" data-target=\"\" data-event-id=\"6108\">\r\n                            <a href=\"https:\/\/vindhem.com\/es\/event\/teddyz-crucero-de-rock-gambas-y-tacos\/?occurrence=2026-05-15\" target=\"\" class=\"mec-tile-into-content-link\"><\/a>                            <div class=\"mec-tile-event-content\">\r\n                                <div class=\"mec-event-detail\">\r\n                                                                                                            <span class=\"mec-event-loc-place\"><i class=\"mec-sl-location-pin\"><\/i>M\/S Vindhem<\/span>                                                                    <\/div>\r\n                                                                <h4 class=\"mec-event-title\"><a class=\"mec-color-hover\" data-event-id=\"6108\" href=\"https:\/\/vindhem.com\/es\/event\/teddyz-crucero-de-rock-gambas-y-tacos\/?occurrence=2026-05-15\" target=\"_self\" rel=\"noopener\">Teddyz &#8211; Crucero de rock, gambas y tacos<\/a><\/h4>\r\n                                                            <\/div>\r\n                        <\/div>\r\n                    <\/article>\r\n                <\/div>                    <div class=\"col-md-3 col-sm-3\">                    <article  data-href=\"https:\/\/vindhem.com\/es\/event\/noche-de-rock-bill-taco-con-thinner-than-thord\/?occurrence=2026-05-16&#038;time=1778958000\" data-target=\"\" style=\"background: url('https:\/\/vindhem.com\/wp-content\/uploads\/2022\/10\/Smalare-an-Thord-2023-300x400.jpg')\" class=\"mec-past-event  mec-event-article mec-tile-item tile-multipleday-event mec-clear  \">\r\n                                                                        <div class=\"event-tile-view-head clearfix\">\r\n                                                            <div class=\"mec-event-month\"><span class=\"mec-start-date-label\">S\u00e1b 16 May<\/span><\/div>\r\n                                                        <div class=\"mec-event-time\"><i class=\"mec-sl-clock\"><\/i>19:00<\/div>\r\n                        <\/div>\r\n                        <div class=\"mec-event-content\" data-target=\"\" data-event-id=\"2224\">\r\n                            <a href=\"https:\/\/vindhem.com\/es\/event\/noche-de-rock-bill-taco-con-thinner-than-thord\/?occurrence=2026-05-16&#038;time=1778958000\" target=\"\" class=\"mec-tile-into-content-link\"><\/a>                            <div class=\"mec-tile-event-content\">\r\n                                <div class=\"mec-event-detail\">\r\n                                                                                                            <span class=\"mec-event-loc-place\"><i class=\"mec-sl-location-pin\"><\/i>M\/S Vindhem<\/span>                                                                    <\/div>\r\n                                                                <h4 class=\"mec-event-title\"><a class=\"mec-color-hover\" data-event-id=\"2224\" href=\"https:\/\/vindhem.com\/es\/event\/noche-de-rock-bill-taco-con-thinner-than-thord\/?occurrence=2026-05-16&#038;time=1778958000\" target=\"_self\" rel=\"noopener\">Noche de Rock, Camarones &amp; Taco con Smalare \u00e4n Thord<\/a><\/h4>\r\n                                                            <\/div>\r\n                        <\/div>\r\n                    <\/article>\r\n                <\/div>            <div class=\"col-md-3 col-sm-3\">                    <article  data-href=\"https:\/\/app.bookspot.io\/widget\/v2\/dialog\/new-order?key=8ecf9842551986bea7cc72001c86b5d535b752578854b1aacee7272d488d52fb&#038;productTypes=products,vouchers&#038;listView=products&#038;products=14180&#038;occurrence=2026-05-16&#038;time=1778958000\" data-target=\"\" style=\"background: url('https:\/\/vindhem.com\/wp-content\/uploads\/2025\/06\/20180428_223931-300x400.jpg')\" class=\"  mec-event-article mec-tile-item tile-multipleday-event mec-clear  \">\r\n                                                                        <div class=\"event-tile-view-head clearfix\">\r\n                                                            <div class=\"mec-event-month\"><span class=\"mec-start-date-label\">S\u00e1b 16 May<\/span><span class=\"mec-end-date-label\" itemprop=\"endDate\"> - Vie 18 Sep<\/span><\/div>\r\n                                                        <div class=\"mec-event-time\"><i class=\"mec-sl-clock\"><\/i>19:00<\/div>\r\n                        <\/div>\r\n                        <div class=\"mec-event-content\" data-target=\"\" data-event-id=\"5889\">\r\n                            <a href=\"https:\/\/app.bookspot.io\/widget\/v2\/dialog\/new-order?key=8ecf9842551986bea7cc72001c86b5d535b752578854b1aacee7272d488d52fb&#038;productTypes=products,vouchers&#038;listView=products&#038;products=14180&#038;occurrence=2026-05-16&#038;time=1778958000\" target=\"\" class=\"mec-tile-into-content-link\"><\/a>                            <div class=\"mec-tile-event-content\">\r\n                                <div class=\"mec-event-detail\">\r\n                                                                                                            <span class=\"mec-event-loc-place\"><i class=\"mec-sl-location-pin\"><\/i>M\/S Vindhem<\/span>                                                                    <\/div>\r\n                                                                <h4 class=\"mec-event-title\"><a class=\"mec-color-hover\" data-event-id=\"5889\" href=\"https:\/\/app.bookspot.io\/widget\/v2\/dialog\/new-order?key=8ecf9842551986bea7cc72001c86b5d535b752578854b1aacee7272d488d52fb&#038;productTypes=products,vouchers&#038;listView=products&#038;products=14180&#038;occurrence=2026-05-16&#038;time=1778958000\" target=\"_self\" rel=\"noopener\">Pr\u00f3ximamente banda de covers &#8211; Crucero Rock, Camarones y Tacos<\/a><\/h4>\r\n                                                            <\/div>\r\n                        <\/div>\r\n                    <\/article>\r\n                <\/div><\/div>                    <div class=\"row\"><div class=\"col-md-3 col-sm-3\">                    <article  data-href=\"https:\/\/vindhem.com\/es\/event\/noche-de-rock-camarones-y-taco-con-coverakuten\/?occurrence=2026-05-22\" data-target=\"\" style=\"background: url('https:\/\/vindhem.com\/wp-content\/uploads\/2023\/02\/coverakuten_2025-300x400.jpg')\" class=\"  mec-event-article mec-tile-item  mec-clear  \">\r\n                                                                        <div class=\"event-tile-view-head clearfix\">\r\n                                                            <div class=\"mec-event-month\"><span class=\"mec-start-date-label\">Vie 22 May<\/span><\/div>\r\n                                                        <div class=\"mec-event-time\"><i class=\"mec-sl-clock\"><\/i>19:00<\/div>\r\n                        <\/div>\r\n                        <div class=\"mec-event-content\" data-target=\"\" data-event-id=\"3408\">\r\n                            <a href=\"https:\/\/vindhem.com\/es\/event\/noche-de-rock-camarones-y-taco-con-coverakuten\/?occurrence=2026-05-22\" target=\"\" class=\"mec-tile-into-content-link\"><\/a>                            <div class=\"mec-tile-event-content\">\r\n                                <div class=\"mec-event-detail\">\r\n                                                                                                            <span class=\"mec-event-loc-place\"><i class=\"mec-sl-location-pin\"><\/i>M\/S Vindhem<\/span>                                                                    <\/div>\r\n                                                                <h4 class=\"mec-event-title\"><a class=\"mec-color-hover\" data-event-id=\"3408\" href=\"https:\/\/vindhem.com\/es\/event\/noche-de-rock-camarones-y-taco-con-coverakuten\/?occurrence=2026-05-22\" target=\"_self\" rel=\"noopener\">Coverakuten &#8211; Crucero de rock, gambas y tacos<\/a><\/h4>\r\n                                                            <\/div>\r\n                        <\/div>\r\n                    <\/article>\r\n                <\/div>            <div class=\"col-md-3 col-sm-3\">                    <article  data-href=\"https:\/\/app.bookspot.io\/widget\/v2\/dialog\/new-order?key=8ecf9842551986bea7cc72001c86b5d535b752578854b1aacee7272d488d52fb&#038;productTypes=products,vouchers&#038;listView=products&#038;products=14180&#038;occurrence=2026-05-22&#038;time=1779476400\" data-target=\"\" style=\"background: url('https:\/\/vindhem.com\/wp-content\/uploads\/2025\/06\/20180428_223931-300x400.jpg')\" class=\"  mec-event-article mec-tile-item tile-multipleday-event mec-clear  \">\r\n                                                                        <div class=\"event-tile-view-head clearfix\">\r\n                                                            <div class=\"mec-event-month\"><span class=\"mec-start-date-label\">Vie 22 May<\/span><span class=\"mec-end-date-label\" itemprop=\"endDate\"> - Vie 18 Sep<\/span><\/div>\r\n                                                        <div class=\"mec-event-time\"><i class=\"mec-sl-clock\"><\/i>19:00<\/div>\r\n                        <\/div>\r\n                        <div class=\"mec-event-content\" data-target=\"\" data-event-id=\"5889\">\r\n                            <a href=\"https:\/\/app.bookspot.io\/widget\/v2\/dialog\/new-order?key=8ecf9842551986bea7cc72001c86b5d535b752578854b1aacee7272d488d52fb&#038;productTypes=products,vouchers&#038;listView=products&#038;products=14180&#038;occurrence=2026-05-22&#038;time=1779476400\" target=\"\" class=\"mec-tile-into-content-link\"><\/a>                            <div class=\"mec-tile-event-content\">\r\n                                <div class=\"mec-event-detail\">\r\n                                                                                                            <span class=\"mec-event-loc-place\"><i class=\"mec-sl-location-pin\"><\/i>M\/S Vindhem<\/span>                                                                    <\/div>\r\n                                                                <h4 class=\"mec-event-title\"><a class=\"mec-color-hover\" data-event-id=\"5889\" href=\"https:\/\/app.bookspot.io\/widget\/v2\/dialog\/new-order?key=8ecf9842551986bea7cc72001c86b5d535b752578854b1aacee7272d488d52fb&#038;productTypes=products,vouchers&#038;listView=products&#038;products=14180&#038;occurrence=2026-05-22&#038;time=1779476400\" target=\"_self\" rel=\"noopener\">Pr\u00f3ximamente banda de covers &#8211; Crucero Rock, Camarones y Tacos<\/a><\/h4>\r\n                                                            <\/div>\r\n                        <\/div>\r\n                    <\/article>\r\n                <\/div>                    <div class=\"col-md-3 col-sm-3\">                    <article  data-href=\"https:\/\/vindhem.com\/es\/event\/the-matchmen-hellinor-crucero-de-rock-gambas-y-tacos\/?occurrence=2026-05-23\" data-target=\"\" style=\"background: url('https:\/\/vindhem.com\/wp-content\/uploads\/2025\/05\/The-Matchmen-Hellinor-Eventbild-2024-300x381.jpg')\" class=\"  mec-event-article mec-tile-item  mec-clear  \">\r\n                                                                        <div class=\"event-tile-view-head clearfix\">\r\n                                                            <div class=\"mec-event-month\"><span class=\"mec-start-date-label\">S\u00e1b 23 May<\/span><\/div>\r\n                                                        <div class=\"mec-event-time\"><i class=\"mec-sl-clock\"><\/i>19:00<\/div>\r\n                        <\/div>\r\n                        <div class=\"mec-event-content\" data-target=\"\" data-event-id=\"5857\">\r\n                            <a href=\"https:\/\/vindhem.com\/es\/event\/the-matchmen-hellinor-crucero-de-rock-gambas-y-tacos\/?occurrence=2026-05-23\" target=\"\" class=\"mec-tile-into-content-link\"><\/a>                            <div class=\"mec-tile-event-content\">\r\n                                <div class=\"mec-event-detail\">\r\n                                                                                                            <span class=\"mec-event-loc-place\"><i class=\"mec-sl-location-pin\"><\/i>M\/S Vindhem<\/span>                                                                    <\/div>\r\n                                                                <h4 class=\"mec-event-title\"><a class=\"mec-color-hover\" data-event-id=\"5857\" href=\"https:\/\/vindhem.com\/es\/event\/the-matchmen-hellinor-crucero-de-rock-gambas-y-tacos\/?occurrence=2026-05-23\" target=\"_self\" rel=\"noopener\">The Matchmen &amp; Hellinor &#8211; Crucero de Rock, Gambas y Tacos<\/a><\/h4>\r\n                                                            <\/div>\r\n                        <\/div>\r\n                    <\/article>\r\n                <\/div>                    <div class=\"col-md-3 col-sm-3\">                    <article  data-href=\"https:\/\/app.bookspot.io\/widget\/v2\/dialog\/new-order?key=8ecf9842551986bea7cc72001c86b5d535b752578854b1aacee7272d488d52fb&#038;productTypes=products,vouchers&#038;listView=products&#038;products=14180&#038;occurrence=2026-05-29&#038;time=1780081200\" data-target=\"\" style=\"background: url('https:\/\/vindhem.com\/wp-content\/uploads\/2025\/06\/20180428_223931-300x400.jpg')\" class=\"  mec-event-article mec-tile-item tile-multipleday-event mec-clear  \">\r\n                                                                        <div class=\"event-tile-view-head clearfix\">\r\n                                                            <div class=\"mec-event-month\"><span class=\"mec-start-date-label\">Vie 29 May<\/span><span class=\"mec-end-date-label\" itemprop=\"endDate\"> - Vie 18 Sep<\/span><\/div>\r\n                                                        <div class=\"mec-event-time\"><i class=\"mec-sl-clock\"><\/i>19:00<\/div>\r\n                        <\/div>\r\n                        <div class=\"mec-event-content\" data-target=\"\" data-event-id=\"5889\">\r\n                            <a href=\"https:\/\/app.bookspot.io\/widget\/v2\/dialog\/new-order?key=8ecf9842551986bea7cc72001c86b5d535b752578854b1aacee7272d488d52fb&#038;productTypes=products,vouchers&#038;listView=products&#038;products=14180&#038;occurrence=2026-05-29&#038;time=1780081200\" target=\"\" class=\"mec-tile-into-content-link\"><\/a>                            <div class=\"mec-tile-event-content\">\r\n                                <div class=\"mec-event-detail\">\r\n                                                                                                            <span class=\"mec-event-loc-place\"><i class=\"mec-sl-location-pin\"><\/i>M\/S Vindhem<\/span>                                                                    <\/div>\r\n                                                                <h4 class=\"mec-event-title\"><a class=\"mec-color-hover\" data-event-id=\"5889\" href=\"https:\/\/app.bookspot.io\/widget\/v2\/dialog\/new-order?key=8ecf9842551986bea7cc72001c86b5d535b752578854b1aacee7272d488d52fb&#038;productTypes=products,vouchers&#038;listView=products&#038;products=14180&#038;occurrence=2026-05-29&#038;time=1780081200\" target=\"_self\" rel=\"noopener\">Pr\u00f3ximamente banda de covers &#8211; Crucero Rock, Camarones y Tacos<\/a><\/h4>\r\n                                                            <\/div>\r\n                        <\/div>\r\n                    <\/article>\r\n                <\/div><\/div>                        <\/div>\r\n    <\/div><\/div>\r\n                                    <\/div>\r\n\r\n                            <\/div>\r\n        <\/div>\r\n    <\/div>\r\n\r\n    \r\n<\/div>\r\n\t\t\t\t<\/div>\n\t\t\t\t<\/div>\n\t\t\t\t\t<\/div>\n\t\t<\/div>\n\t\t\t\t\t<\/div>\n\t\t<\/section>\n\t\t\t\t<\/div>\n\t\t","protected":false},"excerpt":{"rendered":"<p>Calendario A continuaci\u00f3n puedes ver una lista de nuestras excursiones por el archipi\u00e9lago previstas en Estocolmo. Si no encuentras una fecha que te convenga, puedes enviar una solicitud de reserva para otra fecha.O llama al +46 (0)8-604 04 20 de lunes a viernes entre las 10 y las 16 horas. \u00bfPreguntas sobre la salida de [&hellip;]<\/p>\n","protected":false},"author":1,"featured_media":0,"parent":0,"menu_order":0,"comment_status":"closed","ping_status":"closed","template":"","meta":{"_acf_changed":false,"footnotes":""},"class_list":["post-2350","page","type-page","status-publish","hentry"],"acf":[],"_links":{"self":[{"href":"https:\/\/vindhem.com\/es\/wp-json\/wp\/v2\/pages\/2350","targetHints":{"allow":["GET"]}}],"collection":[{"href":"https:\/\/vindhem.com\/es\/wp-json\/wp\/v2\/pages"}],"about":[{"href":"https:\/\/vindhem.com\/es\/wp-json\/wp\/v2\/types\/page"}],"author":[{"embeddable":true,"href":"https:\/\/vindhem.com\/es\/wp-json\/wp\/v2\/users\/1"}],"replies":[{"embeddable":true,"href":"https:\/\/vindhem.com\/es\/wp-json\/wp\/v2\/comments?post=2350"}],"version-history":[{"count":0,"href":"https:\/\/vindhem.com\/es\/wp-json\/wp\/v2\/pages\/2350\/revisions"}],"wp:attachment":[{"href":"https:\/\/vindhem.com\/es\/wp-json\/wp\/v2\/media?parent=2350"}],"curies":[{"name":"wp","href":"https:\/\/api.w.org\/{rel}","templated":true}]}}